{"id":94,"date":"2021-04-05T12:27:01","date_gmt":"2021-04-05T15:27:01","guid":{"rendered":"http:\/\/ppgcom.fac.unb.br\/fr\/?page_id=94"},"modified":"2021-05-28T16:21:32","modified_gmt":"2021-05-28T19:21:32","slug":"post-doctorat","status":"publish","type":"page","link":"https:\/\/ppgcom.fac.unb.br\/fr\/post-doctorat\/","title":{"rendered":"Post-doctorat"},"content":{"rendered":"<p style=\"text-align: justify;\">Par le biais de demandes, en flux continu, le Comit\u00e9 PPGCom analysera les demandes d\u2019entr\u00e9e et de certification de chercheurs br\u00e9siliens et \u00e9trangers en stage postdoctoral.<\/p>\n<p style=\"text-align: justify;\">Les chercheurs seront accept\u00e9s comme stagiaires avec des bourses d&#8217;\u00e9tudes accord\u00e9es par un organisme de financement ou r\u00e9mun\u00e9r\u00e9s par l&#8217;institution aupr\u00e8s de laquelle ils travaillent.<\/p>\n<p style=\"text-align: justify;\">Les chercheurs accept\u00e9s auront un superviseur, qui doit \u00eatre un professeur agr\u00e9\u00e9 par PPGCom pour guider un doctorat, faire preuve d\u2019une productivit\u00e9 reconnue et d\u2019une affinit\u00e9 avec le domaine de connaissance dans lequel le projet s\u2019inscrit.<\/p>\n<p style=\"text-align: justify;\">Les candidats doivent soumettre leur projet de recherche et le curriculum Lattes.<\/p>\n<p style=\"text-align: justify;\">Le chercheur postdoctoral doit s&#8217;inscrire en tant que chercheur d\u00e9butant ou collaborateur avanc\u00e9, conform\u00e9ment \u00e0 la r\u00e9solution 0171\/2006 du CEPE.<\/p>\n<p style=\"text-align: justify;\">\u00c0 la fin de la recherche, les candidats doivent soumettre un rapport final accompagn\u00e9 de l&#8217;avis de leur superviseur pour approbation par le CPPG.<\/p>\n<p style=\"text-align: justify;\">En 2018, le programme a accueilli neuf \u00e9tudiants postdoctoraux supervis\u00e9s par la facult\u00e9 (Alexandre Kieling &#8211; UCB &#8211; Carlos Eduardo Esch; Angela Teixeira de Moraes &#8211; UFG &#8211; Liliane Machado; Edileuza Penha de Souza &#8211; Unb &#8211; Elen Cristina Geraldes; Florence Le Cam ( Bourse (PNPD \/ CAPES) &#8211; Universit\u00e9 Libre de Bruxellas &#8211; F\u00e1bio Henrique Pereira; Lila Foster (Bourse PNPD \/ CAPES) &#8211; USP &#8211; Gustavo de Castro e Silva &#8211; Victor Marcio Laus Reis &#8211; UCB &#8211; Jo\u00e3o Curvello &#8211; Regina L\u00facia Alves de Lima &#8211; UFPA &#8211; Elen Cristina Geraldes; Rosana Nantes Pavarino &#8211; UnB &#8211; Pedro Russi; Veronica Meneses Dantas &#8211; UFMT &#8211; T\u00e2nia Montoro).<\/p>\n","protected":false},"excerpt":{"rendered":"<p>Par le biais de demandes, en flux continu, le Comit\u00e9 PPGCom analysera les demandes d\u2019entr\u00e9e et de certification de chercheurs br\u00e9siliens et \u00e9trangers en stage postdoctoral. Les chercheurs seront accept\u00e9s comme stagiaires avec des bourses d&#8217;\u00e9tudes accord\u00e9es par un organisme de financement ou r\u00e9mun\u00e9r\u00e9s par l&#8217;institution aupr\u00e8s de laquelle ils travaillent. Les chercheurs accept\u00e9s auront [&hellip;]<\/p>\n","protected":false},"author":3,"featured_media":140,"parent":0,"menu_order":0,"comment_status":"closed","ping_status":"closed","template":"","meta":{"spay_email":"","footnotes":""},"class_list":["post-94","page","type-page","status-publish","has-post-thumbnail","hentry","clearfix","post-index"],"_links":{"self":[{"href":"https:\/\/ppgcom.fac.unb.br\/fr\/wp-json\/wp\/v2\/pages\/94","targetHints":{"allow":["GET"]}}],"collection":[{"href":"https:\/\/ppgcom.fac.unb.br\/fr\/wp-json\/wp\/v2\/pages"}],"about":[{"href":"https:\/\/ppgcom.fac.unb.br\/fr\/wp-json\/wp\/v2\/types\/page"}],"author":[{"embeddable":true,"href":"https:\/\/ppgcom.fac.unb.br\/fr\/wp-json\/wp\/v2\/users\/3"}],"replies":[{"embeddable":true,"href":"https:\/\/ppgcom.fac.unb.br\/fr\/wp-json\/wp\/v2\/comments?post=94"}],"version-history":[{"count":6,"href":"https:\/\/ppgcom.fac.unb.br\/fr\/wp-json\/wp\/v2\/pages\/94\/revisions"}],"predecessor-version":[{"id":299,"href":"https:\/\/ppgcom.fac.unb.br\/fr\/wp-json\/wp\/v2\/pages\/94\/revisions\/299"}],"wp:featuredmedia":[{"embeddable":true,"href":"https:\/\/ppgcom.fac.unb.br\/fr\/wp-json\/wp\/v2\/media\/140"}],"wp:attachment":[{"href":"https:\/\/ppgcom.fac.unb.br\/fr\/wp-json\/wp\/v2\/media?parent=94"}],"curies":[{"name":"wp","href":"https:\/\/api.w.org\/{rel}","templated":true}]}}