{"id":92,"date":"2021-04-05T12:18:23","date_gmt":"2021-04-05T15:18:23","guid":{"rendered":"http:\/\/ppgcom.fac.unb.br\/fr\/?page_id=92"},"modified":"2021-04-16T15:36:37","modified_gmt":"2021-04-16T18:36:37","slug":"selection","status":"publish","type":"page","link":"https:\/\/ppgcom.fac.unb.br\/fr\/selection\/","title":{"rendered":"S\u00e9lection"},"content":{"rendered":"<p style=\"text-align: justify;\"><strong>\u00a0 \u00a0 \u00a0S\u00c9LECTION POUR LES PROGRAMMES DE MASTER ET DOCTORAT &#8211; ADMISSION 2020<\/strong><\/p>\n<p>APPROBATION DES INSCRIPTIONS \u00c0 L&#8217;AVIS d&#8217;APPEL de 01\/2020 POUR LES PROGRAMMES DE MASTER ET DOCTORAT POUR LES CANDIDATS R\u00c9SIDENTS DANS LE PAYS<\/p>\n<ul style=\"list-style-type: circle;\">\n<li><a href=\"http:\/\/ppgcom.fac.unb.br\/en\/wp-content\/uploads\/2021\/04\/Resultado-Final-Mestrado-0012020.pdf\" target=\"_blank\" rel=\"noopener\">MASTER<\/a><\/li>\n<li><a href=\"http:\/\/ppgcom.fac.unb.br\/en\/wp-content\/uploads\/2021\/04\/Resultado-Final-Doutorado-0012020.pdf\" target=\"_blank\" rel=\"noopener\">DOCTORAT<\/a><\/li>\n<\/ul>\n<p style=\"text-align: justify;\">APPROBATION DES INSCRIPTIONS \u00c0 L&#8217;AVIS D&#8217;APPEL DE 02\/2020 POUR LES PROGRAMMES DE MASTER ET DOCTORAT POUR LES CANDIDATS R\u00c9SIDENTS \u00c0 L&#8217;\u00c9TRANGER<\/p>\n<ul style=\"list-style-type: circle;\">\n<li style=\"text-align: justify;\"><a href=\"http:\/\/ppgcom.fac.unb.br\/en\/wp-content\/uploads\/2021\/04\/Resultado-Homologacao-Estrangeiro22020.pdf\" target=\"_blank\" rel=\"noopener\">MASTER ET DOCTORAT<\/a><\/li>\n<\/ul>\n<hr \/>\n<p><strong>\u00a0 \u00a0 \u00a0S\u00c9LECTION POUR LES PROGRAMMES DE MASTER ET DOCTORAT &#8211; ADMISSION 2019<\/strong><\/p>\n<p>APPROBATION DES INSCRIPTIONS \u00c0 L&#8217;AVIS d&#8217;APPEL de 01\/2019 POUR LES PROGRAMMES DE MASTER ET DOCTORAT POUR LES CANDIDATS R\u00c9SIDENTS DANS LE PAYS<\/p>\n<ul style=\"list-style-type: circle;\">\n<li><a href=\"http:\/\/ppgcom.fac.unb.br\/en\/wp-content\/uploads\/2021\/04\/resultado-final_0012019.pdf\" target=\"_blank\" rel=\"noopener\">MASTER ET DOCTORAT<\/a><\/li>\n<\/ul>\n<p>APPROBATION DES INSCRIPTIONS \u00c0 L&#8217;AVIS D&#8217;APPEL DE 02\/2019 POUR LES PROGRAMMES DE MASTER ET DOCTORAT POUR LES CANDIDATS R\u00c9SIDENTS \u00c0 L&#8217;\u00c9TRANGER<\/p>\n<ul style=\"list-style-type: circle;\">\n<li><a href=\"http:\/\/ppgcom.fac.unb.br\/en\/wp-content\/uploads\/2021\/04\/Homologacao-Mestrado-EditalExterior022019.pdf\" target=\"_blank\" rel=\"noopener\">MASTER<\/a><\/li>\n<li><a href=\"http:\/\/ppgcom.fac.unb.br\/en\/wp-content\/uploads\/2021\/04\/Homologacao-Doutorado-EditalExterior022019.pdf\" target=\"_blank\" rel=\"noopener\">DOCTORAT<\/a><\/li>\n<\/ul>\n<hr \/>\n<p style=\"text-align: justify;\">Inscriptions en ligne disponibles sur: <a href=\"https:\/\/inscricaoposgraduacao.unb.br\/\" target=\"_blank\" rel=\"noopener\">https:\/\/inscricaoposgraduacao.unb.br\/<\/a><\/p>\n","protected":false},"excerpt":{"rendered":"<p>\u00a0 \u00a0 \u00a0S\u00c9LECTION POUR LES PROGRAMMES DE MASTER ET DOCTORAT &#8211; ADMISSION 2020 APPROBATION DES INSCRIPTIONS \u00c0 L&#8217;AVIS d&#8217;APPEL de 01\/2020 POUR LES PROGRAMMES DE MASTER ET DOCTORAT POUR LES CANDIDATS R\u00c9SIDENTS DANS LE PAYS MASTER DOCTORAT APPROBATION DES INSCRIPTIONS \u00c0 L&#8217;AVIS D&#8217;APPEL DE 02\/2020 POUR LES PROGRAMMES DE MASTER ET DOCTORAT POUR LES CANDIDATS [&hellip;]<\/p>\n","protected":false},"author":3,"featured_media":145,"parent":0,"menu_order":0,"comment_status":"closed","ping_status":"closed","template":"","meta":{"spay_email":"","footnotes":""},"class_list":["post-92","page","type-page","status-publish","has-post-thumbnail","hentry","clearfix","post-index"],"_links":{"self":[{"href":"https:\/\/ppgcom.fac.unb.br\/fr\/wp-json\/wp\/v2\/pages\/92","targetHints":{"allow":["GET"]}}],"collection":[{"href":"https:\/\/ppgcom.fac.unb.br\/fr\/wp-json\/wp\/v2\/pages"}],"about":[{"href":"https:\/\/ppgcom.fac.unb.br\/fr\/wp-json\/wp\/v2\/types\/page"}],"author":[{"embeddable":true,"href":"https:\/\/ppgcom.fac.unb.br\/fr\/wp-json\/wp\/v2\/users\/3"}],"replies":[{"embeddable":true,"href":"https:\/\/ppgcom.fac.unb.br\/fr\/wp-json\/wp\/v2\/comments?post=92"}],"version-history":[{"count":23,"href":"https:\/\/ppgcom.fac.unb.br\/fr\/wp-json\/wp\/v2\/pages\/92\/revisions"}],"predecessor-version":[{"id":262,"href":"https:\/\/ppgcom.fac.unb.br\/fr\/wp-json\/wp\/v2\/pages\/92\/revisions\/262"}],"wp:featuredmedia":[{"embeddable":true,"href":"https:\/\/ppgcom.fac.unb.br\/fr\/wp-json\/wp\/v2\/media\/145"}],"wp:attachment":[{"href":"https:\/\/ppgcom.fac.unb.br\/fr\/wp-json\/wp\/v2\/media?parent=92"}],"curies":[{"name":"wp","href":"https:\/\/api.w.org\/{rel}","templated":true}]}}