{"id":87,"date":"2021-04-05T11:51:19","date_gmt":"2021-04-05T14:51:19","guid":{"rendered":"http:\/\/ppgcom.fac.unb.br\/fr\/?page_id=87"},"modified":"2021-05-28T15:50:43","modified_gmt":"2021-05-28T18:50:43","slug":"projet-de-recherche","status":"publish","type":"page","link":"https:\/\/ppgcom.fac.unb.br\/fr\/projet-de-recherche\/","title":{"rendered":"Projet de recherche"},"content":{"rendered":"<p style=\"text-align: justify;\">En 2016, le programme comptait 58 projets de recherche en cours (en phase initiale, de d\u00e9veloppement ou de finalisation) r\u00e9partis en sur les axes suivants : Image, son et \u00e9criture, 11 projets; Journalisme et soci\u00e9t\u00e9, 25 projets; Politiques de la communication et de la culture, 16 projets; et Th\u00e9ories et technologies de la communication, six projets.<\/p>\n<p style=\"text-align: justify;\"><strong>Axe de recherche Image, son et \u00e9criture<\/strong><\/p>\n<table style=\"border-collapse: collapse; width: 100%; height: 198px;\">\n<tbody>\n<tr style=\"height: 22px;\">\n<td style=\"width: 100%; height: 22px;\">La cr\u00e9ativit\u00e9 dans les processus et produits de communication<\/td>\n<\/tr>\n<tr style=\"height: 22px;\">\n<td style=\"width: 100%; height: 22px;\">Branding: Construction, positionnement, image et identit\u00e9 de marque<\/td>\n<\/tr>\n<tr style=\"height: 22px;\">\n<td style=\"width: 100%; height: 22px;\">Dialogue entre m\u00e9dias : r\u00e9ciprocit\u00e9s<\/td>\n<\/tr>\n<tr style=\"height: 22px;\">\n<td style=\"width: 100%; height: 22px;\">\u00c9ducation, image et exp\u00e9rience<\/td>\n<\/tr>\n<tr style=\"height: 22px;\">\n<td style=\"width: 100%; height: 22px;\">Esth\u00e9tique br\u00e9silienne : consid\u00e9rations po\u00e9tiques<\/td>\n<\/tr>\n<tr style=\"height: 22px;\">\n<td style=\"width: 100%; height: 22px;\">Photographie : hybridation et intertextualit\u00e9s<\/td>\n<\/tr>\n<tr style=\"height: 22px;\">\n<td style=\"width: 100%; height: 22px;\">Groupe d&#8217;\u00e9tude sur la bande dessin\u00e9e &#8211; GIBI<\/td>\n<\/tr>\n<tr style=\"height: 22px;\">\n<td style=\"width: 100%; height: 22px;\">Histoire num\u00e9rique du Br\u00e9sil<\/td>\n<\/tr>\n<tr style=\"height: 22px;\">\n<td style=\"width: 100%; height: 22px;\">Image et transcendance : imaginaires et images de l&#8217;infini dans \u00abDiario de Paris\u00bb de Jo\u00e3o Guimar\u00e3es Rosa<\/td>\n<\/tr>\n<tr>\n<td style=\"width: 100%;\">R\u00e9cits audiovisuelles et processus socio-m\u00e9diatiques<\/td>\n<\/tr>\n<tr>\n<td style=\"width: 100%;\">Po\u00e9tique de l&#8217;inexplicable, de l&#8217;inexistant, de l&#8217;innomm\u00e9, de l&#8217;inou\u00ef et de l&#8217;ineffable.<\/td>\n<\/tr>\n<\/tbody>\n<\/table>\n<p style=\"text-align: justify;\"><strong>Axe de recherche journalisme et soci\u00e9t\u00e9<\/strong><\/p>\n<table style=\"border-collapse: collapse; width: 100%;\">\n<tbody>\n<tr>\n<td style=\"width: 100%;\">Perspectives du journalisme br\u00e9silien contemporain : l\u00e9gislation, droit et citoyennet\u00e9<\/td>\n<\/tr>\n<tr>\n<td style=\"width: 100%;\">Subventions transdisciplinaires pour le d\u00e9bat sur l&#8217;\u00e9ducation, la communication et la culture<\/td>\n<\/tr>\n<tr>\n<td style=\"width: 100%;\">La construction politique d&#8217;une identit\u00e9 nationale dans les m\u00e9dias br\u00e9siliens<\/td>\n<\/tr>\n<tr>\n<td style=\"width: 100%;\">La perspective de l&#8217;enseignement et de la pratique journalistique au Br\u00e9sil : la fin du dipl\u00f4me obligatoire en journalisme<\/td>\n<\/tr>\n<tr>\n<td style=\"width: 100%;\">La socialisation des journalistes en ligne : une comparaison Br\u00e9sil, Belgique et France<\/td>\n<\/tr>\n<tr>\n<td style=\"width: 100%;\">Les carri\u00e8res professionnelles des journalistes br\u00e9siliens. Acc\u00e8s, apprentissage et mobilit\u00e9 dans la profession en p\u00e9riode de changements structurels dans le journalisme.<\/td>\n<\/tr>\n<tr>\n<td style=\"width: 100%;\">COMCLICK &#8211; Int\u00e9gration des TIC dans le processus d&#8217;enseignement-apprentissage \u00e0 la FAC\/UnB<\/td>\n<\/tr>\n<tr>\n<td style=\"width: 100%;\">Consommer l\u2019autre : communiquer la diff\u00e9rence et valoriser l&#8217;identit\u00e9 ethnique dans la mode vestimentaire et gastronomique<\/td>\n<\/tr>\n<tr>\n<td style=\"width: 100%;\">\u00c9lections pr\u00e9sidentielles 2014 : Cartographie des relations entre m\u00e9dias, jeunesse et participation politique \u00e0 l&#8217;Universit\u00e9 de Brasilia<\/td>\n<\/tr>\n<tr>\n<td style=\"width: 100%;\">Groupe de recherche sur la culture, les m\u00e9dias et la politique<\/td>\n<\/tr>\n<tr>\n<td style=\"width: 100%;\">Journalism Students across the Globe \u2013 Groupe br\u00e9silien<\/td>\n<\/tr>\n<tr>\n<td style=\"width: 100%;\">Laboratoire d&#8217;exp\u00e9rimentation linguistique num\u00e9rique mobile et d\u00e9veloppement de nouveaux produits journalistiques pour tablettes et smartphones<\/td>\n<\/tr>\n<tr>\n<td style=\"width: 100%;\">Surveillance et analyse de la programmation et des productions journalistiques des stations de radio EBC \u00e0 Brasilia : radio nationale AM, radio FM nationale et MEC AM Brasilia<\/td>\n<\/tr>\n<tr>\n<td style=\"width: 100%;\">Changements structurels du journalisme : identit\u00e9s, pratiques, routines, publics et m\u00e9dias<\/td>\n<\/tr>\n<tr>\n<td style=\"width: 100%;\">R\u00e9cits journalistiques de l&#8217;histoire<\/td>\n<\/tr>\n<tr>\n<td style=\"width: 100%;\">La consommation de l\u2019autre : identit\u00e9 ethnique dans le journalisme de mode<br \/>\nL&#8217;enseignement de l&#8217;\u00e9thique dans la communication<\/td>\n<\/tr>\n<tr>\n<td style=\"width: 100%;\">L&#8217;impact des reportages journalistiques sur le changement de politique publique<\/td>\n<\/tr>\n<tr>\n<td style=\"width: 100%;\">Le journaliste dans l&#8217;\u00e8re de la participation : nouvelles relations avec le public et \u00e9volution de l&#8217;identit\u00e9 professionnelle<\/td>\n<\/tr>\n<tr>\n<td style=\"width: 100%;\">Les journalistes et la ville : exp\u00e9riences, identit\u00e9s et repr\u00e9sentations<\/td>\n<\/tr>\n<tr>\n<td style=\"width: 100%;\">Pirataria.edu : Culture, partage et propri\u00e9t\u00e9 intellectuelle \u00e0 l&#8217;universit\u00e9<\/td>\n<\/tr>\n<tr>\n<td style=\"width: 100%;\">Production et sources de rapports d&#8217;enqu\u00eate au Br\u00e9sil<\/td>\n<\/tr>\n<tr>\n<td style=\"width: 100%;\">Simulation et discours politique<\/td>\n<\/tr>\n<tr>\n<td style=\"width: 100%;\">Journalisme t\u00e9l\u00e9 : r\u00e9cits postmodernes en temps r\u00e9el<\/td>\n<\/tr>\n<tr>\n<td style=\"width: 100%;\">Changements dans la carri\u00e8re professionnelle des journalistes br\u00e9siliens<\/td>\n<\/tr>\n<\/tbody>\n<\/table>\n<p style=\"text-align: justify;\"><strong>Axe de recherche Politiques de communication et de culture<\/strong><\/p>\n<table style=\"border-collapse: collapse; width: 100%; height: 286px;\">\n<tbody>\n<tr style=\"height: 44px;\">\n<td style=\"width: 100%; height: 44px;\">Loi sur l&#8217;acc\u00e8s du public aux informations : panorama des institutions f\u00e9d\u00e9rales br\u00e9siliennes<\/td>\n<\/tr>\n<tr style=\"height: 44px;\">\n<td style=\"width: 100%; height: 44px;\">Le march\u00e9 t\u00e9l\u00e9visuel br\u00e9silien face aux d\u00e9fis de la num\u00e9risation et de la convergence : une perspective r\u00e9gionale<\/td>\n<\/tr>\n<tr style=\"height: 44px;\">\n<td style=\"width: 100%; height: 44px;\">Le r\u00f4le de la communication organisationnelle dans la mise en \u0153uvre de la loi sur l&#8217;acc\u00e8s \u00e0 l&#8217;information dans les administrations du District F\u00e9d\u00e9ral<\/td>\n<\/tr>\n<tr style=\"height: 44px;\">\n<td style=\"width: 100%; height: 44px;\">Politiques de communication, radiodiffusion publique et citoyennet\u00e9 : subventions pour le d\u00e9veloppement socioculturel au Portugal et au Br\u00e9sil<\/td>\n<\/tr>\n<tr style=\"height: 22px;\">\n<td style=\"width: 100%; height: 22px;\">Citoyen et m\u00e9dias de service public au Br\u00e9sil<\/td>\n<\/tr>\n<tr style=\"height: 22px;\">\n<td style=\"width: 100%; height: 22px;\">Communication communautaire et citoyennet\u00e9<\/td>\n<\/tr>\n<tr style=\"height: 22px;\">\n<td style=\"width: 100%; height: 22px;\">Communication, culture et politique dans l\u2019audiovisuel : cin\u00e9ma, t\u00e9l\u00e9vision, m\u00e9dias audiovisuels en ligne<\/td>\n<\/tr>\n<tr style=\"height: 22px;\">\n<td style=\"width: 100%; height: 22px;\">Communication, culture et politique : subjectivit\u00e9s et cin\u00e9ma \u00e0 la ville de Picos \/ PI<br \/>\nJournalisme et imputabilit\u00e9 au Br\u00e9sil<\/td>\n<\/tr>\n<tr style=\"height: 22px;\">\n<td style=\"width: 100%; height: 22px;\">Laboratoire des politiques de communication : bases normatives d&#8217;un nouveau mod\u00e8le institutionnel pour la communication br\u00e9silienne<\/td>\n<\/tr>\n<tr>\n<td style=\"width: 100%;\">Loi sur l&#8217;acc\u00e8s \u00e0 l&#8217;information et communication publique<\/td>\n<\/tr>\n<tr>\n<td style=\"width: 100%;\">M\u00e9dias et m\u00e9diateur dans les pays ib\u00e9ro-am\u00e9ricains<\/td>\n<\/tr>\n<tr>\n<td style=\"width: 100%;\">Le social et le technologique dans les strat\u00e9gies m\u00e9thodologiques utilis\u00e9es pour comprendre la sociabilit\u00e9 sur Internet<\/td>\n<\/tr>\n<tr>\n<td style=\"width: 100%;\">Politiques de communication : une t\u00e9l\u00e9vision que les jeunes regardent : la t\u00e9l\u00e9vision br\u00e9silienne ouverte et sa r\u00e9ception par des lyc\u00e9ens et des \u00e9tudiants de septembre 2012 \u00e0 d\u00e9cembre 2013<\/td>\n<\/tr>\n<\/tbody>\n<\/table>\n<p style=\"text-align: justify;\"><strong>Axe de recherche Th\u00e9ories et technologies de la communication<\/strong><\/p>\n<table style=\"border-collapse: collapse; width: 100%;\">\n<tbody>\n<tr>\n<td style=\"width: 100%;\">GEPCOR &#8211; Groupe d\u2019\u00e9tude et de recherche sur la communication organisationnelle<\/td>\n<\/tr>\n<tr>\n<td style=\"width: 100%;\">Groupe de recherche sur la communication organisationnelle et la pens\u00e9e syst\u00e9mique &#8211; COMSiS<\/td>\n<\/tr>\n<tr>\n<td style=\"width: 100%;\">Centre d\u2019\u00e9tudes de s\u00e9miotique en communication<\/td>\n<\/tr>\n<tr>\n<td style=\"width: 100%;\">Th\u00e9orie de la communication au Br\u00e9sil<\/td>\n<\/tr>\n<tr>\n<td style=\"width: 100%;\">Th\u00e9ories de la communication<\/td>\n<\/tr>\n<tr>\n<td style=\"width: 100%;\">Th\u00e9ories de la communication organisationnelle<\/td>\n<\/tr>\n<\/tbody>\n<\/table>\n<p style=\"text-align: justify;\">\n","protected":false},"excerpt":{"rendered":"<p>En 2016, le programme comptait 58 projets de recherche en cours (en phase initiale, de d\u00e9veloppement ou de finalisation) r\u00e9partis en sur les axes suivants : Image, son et \u00e9criture, 11 projets; Journalisme et soci\u00e9t\u00e9, 25 projets; Politiques de la communication et de la culture, 16 projets; et Th\u00e9ories et technologies de la communication, six [&hellip;]<\/p>\n","protected":false},"author":3,"featured_media":146,"parent":0,"menu_order":0,"comment_status":"closed","ping_status":"closed","template":"","meta":{"spay_email":"","footnotes":""},"class_list":["post-87","page","type-page","status-publish","has-post-thumbnail","hentry","clearfix","post-index"],"_links":{"self":[{"href":"https:\/\/ppgcom.fac.unb.br\/fr\/wp-json\/wp\/v2\/pages\/87","targetHints":{"allow":["GET"]}}],"collection":[{"href":"https:\/\/ppgcom.fac.unb.br\/fr\/wp-json\/wp\/v2\/pages"}],"about":[{"href":"https:\/\/ppgcom.fac.unb.br\/fr\/wp-json\/wp\/v2\/types\/page"}],"author":[{"embeddable":true,"href":"https:\/\/ppgcom.fac.unb.br\/fr\/wp-json\/wp\/v2\/users\/3"}],"replies":[{"embeddable":true,"href":"https:\/\/ppgcom.fac.unb.br\/fr\/wp-json\/wp\/v2\/comments?post=87"}],"version-history":[{"count":12,"href":"https:\/\/ppgcom.fac.unb.br\/fr\/wp-json\/wp\/v2\/pages\/87\/revisions"}],"predecessor-version":[{"id":289,"href":"https:\/\/ppgcom.fac.unb.br\/fr\/wp-json\/wp\/v2\/pages\/87\/revisions\/289"}],"wp:featuredmedia":[{"embeddable":true,"href":"https:\/\/ppgcom.fac.unb.br\/fr\/wp-json\/wp\/v2\/media\/146"}],"wp:attachment":[{"href":"https:\/\/ppgcom.fac.unb.br\/fr\/wp-json\/wp\/v2\/media?parent=87"}],"curies":[{"name":"wp","href":"https:\/\/api.w.org\/{rel}","templated":true}]}}