{"id":82,"date":"2021-04-05T11:47:57","date_gmt":"2021-04-05T14:47:57","guid":{"rendered":"http:\/\/ppgcom.fac.unb.br\/fr\/?page_id=82"},"modified":"2021-05-28T15:52:27","modified_gmt":"2021-05-28T18:52:27","slug":"groupe-de-recherche","status":"publish","type":"page","link":"https:\/\/ppgcom.fac.unb.br\/fr\/groupe-de-recherche\/","title":{"rendered":"Groupe de recherche"},"content":{"rendered":"<p style=\"text-align: justify;\">La vocation de la recherche est attest\u00e9e par la performance des groupes de recherche inscrits au CNPq, list\u00e9s ci-dessous, tous dirig\u00e9s par des professeurs permanents et des collaborateurs du programme.<\/p>\n<p style=\"text-align: justify;\">Groupe de recherche : <a href=\"http:\/\/ctpol.unb.br\/\" target=\"_blank\" rel=\"noopener\">Centre d&#8217;\u00e9tudes en Communication, Technologie et Politique (CTPol)<\/a><br \/>\nDirecteur(trice)s de recherche : <a href=\"http:\/\/buscatextual.cnpq.br\/buscatextual\/visualizacv.do?id=K4760035H6\" target=\"_blank\" rel=\"noopener\">Sivaldo Pereira da Silva<\/a><\/p>\n<hr \/>\n<p style=\"text-align: justify;\">Groupe de recherche : <a href=\"http:\/\/dgp.cnpq.br\/dgp\/espelhogrupo\/7198732560636841\" target=\"_blank\" rel=\"noopener\">Communication Communautaire et Citoyennet\u00e9<\/a><br \/>\nDirecteur(trice)s de recherche : <a href=\"http:\/\/buscatextual.cnpq.br\/buscatextual\/visualizacv.do?id=K4768512J6\" target=\"_blank\" rel=\"noopener\">Fernando Oliveira Paulino<\/a><\/p>\n<hr \/>\n<p style=\"text-align: justify;\">Groupe de recherche : <a href=\"http:\/\/dgp.cnpq.br\/dgp\/espelhogrupo\/269343\" target=\"_blank\" rel=\"noopener\">Communication et Production Litt\u00e9raire<\/a><br \/>\nDirecteur(trice)s de recherche : <a href=\"http:\/\/buscatextual.cnpq.br\/buscatextual\/visualizacv.do?id=K4703874D5\" target=\"_blank\" rel=\"noopener\">Gustavo de Castro da Silva<\/a> et <a href=\"http:\/\/buscatextual.cnpq.br\/buscatextual\/visualizacv.do?id=K4139411T3\" target=\"_blank\" rel=\"noopener\">Pablo Gon\u00e7alo<\/a><\/p>\n<hr \/>\n<p style=\"text-align: justify;\">Groupe de recherche : <a href=\"http:\/\/dgp.cnpq.br\/dgp\/espelhogrupo\/63647\" target=\"_blank\" rel=\"noopener\">Culture, M\u00e9dia et Politique<\/a><br \/>\nDirecteur(trice)s de recherche : <a href=\"http:\/\/buscatextual.cnpq.br\/buscatextual\/visualizacv.do?id=K4795707Z6\" target=\"_blank\" rel=\"noopener\">Liziane Soares Guazina<\/a> et <a href=\"http:\/\/buscatextual.cnpq.br\/buscatextual\/visualizacv.do?id=K4164288T0\" target=\"_blank\" rel=\"noopener\">Fernanda Casagrande Martinelli Lima Granja Xavier da Silva<\/a><\/p>\n<hr \/>\n<p style=\"text-align: justify;\">Groupe de recherche : <a href=\"http:\/\/dgp.cnpq.br\/dgp\/espelhogrupo\/39727\" target=\"_blank\" rel=\"noopener\">Milieu 33 &#8211; Sp\u00e9cialit\u00e9s, Communication, Esth\u00e9tique et Technologies &#8211; UnB<\/a><br \/>\nDirecteur(trice)s de recherche : <a href=\"http:\/\/buscatextual.cnpq.br\/buscatextual\/visualizacv.do?id=K4792832H9\" target=\"_blank\" rel=\"noopener\">Tiago Quiroga Fausto Neto<\/a><\/p>\n<hr \/>\n<p style=\"text-align: justify;\">Groupe de recherche : <a href=\"http:\/\/dgp.cnpq.br\/dgp\/espelhogrupo\/214443\" target=\"_blank\" rel=\"noopener\">Groupe de recherche en Communication Organisationnelle et en Pens\u00e9e syst\u00e9mique &#8211; COMSiS<\/a><br \/>\nDirecteur(trice)s de recherche : <a href=\"http:\/\/buscatextual.cnpq.br\/buscatextual\/visualizacv.do?id=K4706277D2\" target=\"_blank\" rel=\"noopener\">Jo\u00e3o Jos\u00e9 Azevedo Curvello<\/a><\/p>\n<hr \/>\n<p style=\"text-align: justify;\">Groupe de recherche : <a href=\"http:\/\/dgp.cnpq.br\/dgp\/espelhogrupo\/1107311015767819\" target=\"_blank\" rel=\"noopener\">Journalisme et Construction narrative de l&#8217;histoire du Pr\u00e9sent<\/a><br \/>\nDirecteur(trice)s de recherche : Maria Jandyra Cavalcanti Cunha et <a href=\"http:\/\/lattes.cnpq.br\/8159141611308695\" target=\"_blank\" rel=\"noopener\">Celia Maria dos Santos Ladeira Mota<\/a><\/p>\n<hr \/>\n<p style=\"text-align: justify;\">Groupe de recherche : Journalism students across the Globe &#8211; Groupe br\u00e9silien<br \/>\nDirecteur(trice)s de recherche : <a href=\"http:\/\/buscatextual.cnpq.br\/buscatextual\/visualizacv.do?id=K4764896Z8\" target=\"_blank\" rel=\"noopener\">Fabio Henrique Pereira<\/a> et <a href=\"http:\/\/buscatextual.cnpq.br\/buscatextual\/visualizacv.do?id=K4704496A5\" target=\"_blank\" rel=\"noopener\">Claudia Irene de Quadros<\/a><\/p>\n<hr \/>\n<p style=\"text-align: justify;\">Groupe de recherche : <a href=\"http:\/\/dgp.cnpq.br\/dgp\/espelhogrupo\/368610\" target=\"_blank\" rel=\"noopener\">Observatoire de Radiodiffusion Publique en Am\u00e9rique Latine<\/a><br \/>\nDirecteur(trice)s de recherche : <a href=\"http:\/\/buscatextual.cnpq.br\/buscatextual\/visualizacv.do?id=K4723388P7\" target=\"_blank\" rel=\"noopener\">Carlos Eduardo Machado da Costa Esch<\/a><\/p>\n<hr \/>\n<p style=\"text-align: justify;\">Groupe de recherche : <a href=\"http:\/\/dgp.cnpq.br\/dgp\/espelhogrupo\/6366679869610306\" target=\"_blank\" rel=\"noopener\">Technologie, Image et Subjectivit\u00e9<\/a><br \/>\nDirecteur(trice)s de recherche : <a href=\"http:\/\/lattes.cnpq.br\/2896428371985307\" target=\"_blank\" rel=\"noopener\">Claudia Guilmar Linhares Sanz<\/a><\/p>\n","protected":false},"excerpt":{"rendered":"<p>La vocation de la recherche est attest\u00e9e par la performance des groupes de recherche inscrits au CNPq, list\u00e9s ci-dessous, tous dirig\u00e9s par des professeurs permanents et des collaborateurs du programme. Groupe de recherche : Centre d&#8217;\u00e9tudes en Communication, Technologie et Politique (CTPol) Directeur(trice)s de recherche : Sivaldo Pereira da Silva Groupe de recherche : Communication [&hellip;]<\/p>\n","protected":false},"author":3,"featured_media":172,"parent":0,"menu_order":0,"comment_status":"closed","ping_status":"closed","template":"","meta":{"spay_email":"","footnotes":""},"class_list":["post-82","page","type-page","status-publish","has-post-thumbnail","hentry","clearfix","post-index"],"_links":{"self":[{"href":"https:\/\/ppgcom.fac.unb.br\/fr\/wp-json\/wp\/v2\/pages\/82","targetHints":{"allow":["GET"]}}],"collection":[{"href":"https:\/\/ppgcom.fac.unb.br\/fr\/wp-json\/wp\/v2\/pages"}],"about":[{"href":"https:\/\/ppgcom.fac.unb.br\/fr\/wp-json\/wp\/v2\/types\/page"}],"author":[{"embeddable":true,"href":"https:\/\/ppgcom.fac.unb.br\/fr\/wp-json\/wp\/v2\/users\/3"}],"replies":[{"embeddable":true,"href":"https:\/\/ppgcom.fac.unb.br\/fr\/wp-json\/wp\/v2\/comments?post=82"}],"version-history":[{"count":13,"href":"https:\/\/ppgcom.fac.unb.br\/fr\/wp-json\/wp\/v2\/pages\/82\/revisions"}],"predecessor-version":[{"id":290,"href":"https:\/\/ppgcom.fac.unb.br\/fr\/wp-json\/wp\/v2\/pages\/82\/revisions\/290"}],"wp:featuredmedia":[{"embeddable":true,"href":"https:\/\/ppgcom.fac.unb.br\/fr\/wp-json\/wp\/v2\/media\/172"}],"wp:attachment":[{"href":"https:\/\/ppgcom.fac.unb.br\/fr\/wp-json\/wp\/v2\/media?parent=82"}],"curies":[{"name":"wp","href":"https:\/\/api.w.org\/{rel}","templated":true}]}}