{"id":80,"date":"2021-04-05T10:32:39","date_gmt":"2021-04-05T13:32:39","guid":{"rendered":"http:\/\/ppgcom.fac.unb.br\/fr\/?page_id=80"},"modified":"2021-05-27T22:48:54","modified_gmt":"2021-05-28T01:48:54","slug":"objectif","status":"publish","type":"page","link":"https:\/\/ppgcom.fac.unb.br\/fr\/objectif\/","title":{"rendered":"Objectif"},"content":{"rendered":"<p style=\"text-align: justify;\">Le PPG-FAC a toujours \u00e9t\u00e9 ouvert \u00e0 une vision large du ph\u00e9nom\u00e8ne de la communication et, \u00e0 travers ses axes de recherche, oriente ses efforts vers la connaissance des processus d\u00e9riv\u00e9s des sp\u00e9cificit\u00e9s de notre domaine universitaire et des professions associ\u00e9es. Du journalisme \u00e0 la politique et aux politiques ; de la publicit\u00e9 \u00e0 l&#8217;esth\u00e9tique et la culture de consommation ; du cin\u00e9ma aux langages et r\u00e9cits ; De la radio et de la t\u00e9l\u00e9vision \u00e0 l\u2019\u00e9tude des technologies, en passant par le monde contemporain complexe et fortement marqu\u00e9 par le nouveau paradigme de communication d\u00e9sormais \u00e9vident d\u2019Internet, le programme cherche \u00e0 \u00eatre en phase avec les tendances actuelles.<br \/>\nD&#8217;autre part, le programme aborde le d\u00e9bat sur l&#8217;interdisciplinarit\u00e9 et ose parcourir des domaines qui constituent des objets d&#8217;\u00e9tude dans le cas de la communication, mettant en lumi\u00e8re des exp\u00e9riences th\u00e9oriques, analytiques et interpr\u00e9tatives qui permettent aux recherches en cours d&#8217;atteindre d&#8217;autres niveaux d&#8217;\u00e9l\u00e9vation et de diffusion des connaissances. Nous comprenons que l&#8217;interdisciplinarit\u00e9 et la transdisciplinarit\u00e9 sont des \u00e9l\u00e9ments constitutifs de l&#8217;identit\u00e9 de notre programme, dans la mesure o\u00f9 elles se rapportent \u00e0 sa proposition, \u00e0 la production scientifique des membres, aux axes de recherche et au d\u00e9veloppement d&#8217;activit\u00e9s futures.<\/p>\n<p style=\"text-align: justify;\"><strong>Objectifs <\/strong><\/p>\n<p style=\"text-align: justify;\"><strong>G\u00e9n\u00e9raux<\/strong><\/p>\n<p style=\"text-align: justify;\">Encourager une formation \u00e9mancipatrice, ne se limitant pas \u00e0 conf\u00e9rer des titres de ma\u00eetrise et de doctorat, mais favorisant les possibilit\u00e9s d&#8217;expansion de la pens\u00e9e critique, de r\u00e9flexion sur le r\u00f4le du troisi\u00e8me cycle dans la soci\u00e9t\u00e9 et assurant le d\u00e9veloppement d&#8217;aptitudes \u00e0 apprendre et conduisant \u00e0 un apprentissage conscient et \u00e9clairant. Le PPG-FAC \/ UnB comprend que chaque programme d\u2019\u00e9tudes sup\u00e9rieures a pour mission de produire de nouvelles connaissances.<\/p>\n<p style=\"text-align: justify;\"><strong>Sp\u00e9cifiques<\/strong><\/p>\n<p style=\"text-align: justify;\">1) R\u00e9affirmer l&#8217;engagement en faveur de la r\u00e9flexion, de la stimulation du d\u00e9veloppement personnel, de la recherche d&#8217;une autonomie de la recherche et de la coh\u00e9rence des activit\u00e9s d&#8217;enseignement, de recherche et de vulgarisation dans le domaine de la communication ;<\/p>\n<p style=\"text-align: justify;\">2) Rechercher des actions innovatrices ayant une relevance sociale, culturelle et \u00e9conomique, ax\u00e9es sur les contributions \u00e0 la soci\u00e9t\u00e9, en lien avec le projet politique du pays, la culture et le d\u00e9veloppement national et celui de l&#8217;\u00e9ducation, de l&#8217;\u00e9mancipation sociale et de l\u2019internationalisation ;<\/p>\n<p style=\"text-align: justify;\">3) Combiner les dimensions de la r\u00e9flexion et de l\u2019empirisme avec la vocation multi, inter et transdisciplinaire du domaine, dans le sens de la valorisation acad\u00e9mique et professionnelle de la communication, dans ses diverses qualifications ;<\/p>\n<p style=\"text-align: justify;\">4) Contribuer \u00e0 la qualification, \u00e0 la formation et \u00e0 la sp\u00e9cialisation des enseignants et des \u00e9tudiants, en les mettant en contact avec d&#8217;autres programmes d&#8217;\u00e9tudes sup\u00e9rieures, d&#8217;autres institutions et centres de recherche au Br\u00e9sil et \u00e0 l\u2019\u00e9tranger ;<\/p>\n<p style=\"text-align: justify;\">5) Rechercher l&#8217;insertion et l&#8217;impact de la PPG-FAC aux niveaux r\u00e9gional et national, gr\u00e2ce \u00e0 l&#8217;excellence de la recherche et de l&#8217;enseignement, en collaborant \u00e0 la qualit\u00e9 de l&#8217;\u00e9ducation br\u00e9silienne et \u00e0 l&#8217;\u00e9mancipation sociale ;<\/p>\n<p style=\"text-align: justify;\">6) Consolider la production de connaissances en communication aux niveaux local, r\u00e9gional, national et international, en encourageant la r\u00e9alisation et la participation \u00e0 des \u00e9v\u00e9nements ; production intellectuelle, technique et artistique r\u00e9guli\u00e8re et de qualit\u00e9 ; la cr\u00e9ation et la continuit\u00e9 des groupes de recherche, ainsi que le partage et la diffusion des connaissances produites ;<\/p>\n<p style=\"text-align: justify;\">7) Faire face aux d\u00e9fis de l&#8217;internationalisation gr\u00e2ce \u00e0 des strat\u00e9gies, des actions et des proc\u00e9dures qui peuvent garantir aux professeurs et aux \u00e9tudiants les fruits de l&#8217;\u00e9change de connaissances et d&#8217;institutions.<\/p>\n","protected":false},"excerpt":{"rendered":"<p>Le PPG-FAC a toujours \u00e9t\u00e9 ouvert \u00e0 une vision large du ph\u00e9nom\u00e8ne de la communication et, \u00e0 travers ses axes de recherche, oriente ses efforts vers la connaissance des processus d\u00e9riv\u00e9s des sp\u00e9cificit\u00e9s de notre domaine universitaire et des professions associ\u00e9es. Du journalisme \u00e0 la politique et aux politiques ; de la publicit\u00e9 \u00e0 l&#8217;esth\u00e9tique [&hellip;]<\/p>\n","protected":false},"author":3,"featured_media":169,"parent":0,"menu_order":0,"comment_status":"closed","ping_status":"closed","template":"","meta":{"spay_email":"","footnotes":""},"class_list":["post-80","page","type-page","status-publish","has-post-thumbnail","hentry","clearfix","post-index"],"_links":{"self":[{"href":"https:\/\/ppgcom.fac.unb.br\/fr\/wp-json\/wp\/v2\/pages\/80","targetHints":{"allow":["GET"]}}],"collection":[{"href":"https:\/\/ppgcom.fac.unb.br\/fr\/wp-json\/wp\/v2\/pages"}],"about":[{"href":"https:\/\/ppgcom.fac.unb.br\/fr\/wp-json\/wp\/v2\/types\/page"}],"author":[{"embeddable":true,"href":"https:\/\/ppgcom.fac.unb.br\/fr\/wp-json\/wp\/v2\/users\/3"}],"replies":[{"embeddable":true,"href":"https:\/\/ppgcom.fac.unb.br\/fr\/wp-json\/wp\/v2\/comments?post=80"}],"version-history":[{"count":4,"href":"https:\/\/ppgcom.fac.unb.br\/fr\/wp-json\/wp\/v2\/pages\/80\/revisions"}],"predecessor-version":[{"id":283,"href":"https:\/\/ppgcom.fac.unb.br\/fr\/wp-json\/wp\/v2\/pages\/80\/revisions\/283"}],"wp:featuredmedia":[{"embeddable":true,"href":"https:\/\/ppgcom.fac.unb.br\/fr\/wp-json\/wp\/v2\/media\/169"}],"wp:attachment":[{"href":"https:\/\/ppgcom.fac.unb.br\/fr\/wp-json\/wp\/v2\/media?parent=80"}],"curies":[{"name":"wp","href":"https:\/\/api.w.org\/{rel}","templated":true}]}}