{"id":74,"date":"2021-04-05T10:24:38","date_gmt":"2021-04-05T13:24:38","guid":{"rendered":"http:\/\/ppgcom.fac.unb.br\/fr\/?page_id=74"},"modified":"2021-04-06T14:29:13","modified_gmt":"2021-04-06T17:29:13","slug":"image-esthetique-et-culture-contemporaine","status":"publish","type":"page","link":"https:\/\/ppgcom.fac.unb.br\/fr\/image-esthetique-et-culture-contemporaine\/","title":{"rendered":"Image, esth\u00e9tique et culture contemporaine"},"content":{"rendered":"<p style=\"text-align: justify;\">Cursus\u00a0:<\/p>\n<p style=\"text-align: justify;\">L\u2019orientation de recherche Image, esth\u00e9tique et culture contemporaine se consacre \u00e0 la recherche du contemporain dans ses diff\u00e9rentes formes d\u2019expression communicationnelle, en mettant l\u2019accent sur l\u2019esth\u00e9tique et les politiques en mati\u00e8re d\u2019image, de culture, de m\u00e9moire et d\u2019imagination. Elle met en \u00e9vidence la centralit\u00e9 des audiovisuels, des arts, des technologies et des r\u00e9cits dans la constitution de diff\u00e9rentes fa\u00e7ons de voir et d\u2019\u00eatre dans le monde. Elle conteste les fondements th\u00e9oriques et historiques d&#8217;une critique de l&#8217;image, de l&#8217;esth\u00e9tique et de la culture en prenant en compte les nouvelles spatialit\u00e9s et temporalit\u00e9s dans les dynamiques sociales et dans l&#8217;exp\u00e9rience du sujet. Elle examine les dispositifs m\u00e9diatiques dans leurs interfaces avec les expressions po\u00e9tiques et artistiques, les pratiques \u00e9pist\u00e9mologiques et la production de sens. Cette orientation vise \u00e0 renforcer et \u00e0 amplifier une r\u00e9flexion critique de PPG-FAC capable d\u2019enqu\u00eater sur les dimensions th\u00e9oriques \u00e9pist\u00e9mologiques incluses dans les probl\u00e8mes d\u2019\u00e9tudes de l\u2019image, de l\u2019esth\u00e9tique et de la culture contemporaine, afin de contribuer au renforcement des \u00e9tudes de communication aux niveaux national et international. En tant que proc\u00e9dure th\u00e9orique m\u00e9thodologique, l\u2019orientation de recherche est articul\u00e9 en quatre grands axes de travail:<\/p>\n<p style=\"text-align: justify;\">a) les th\u00e9ories contemporaines qui traitent de l&#8217;historicit\u00e9 des syst\u00e8mes de pens\u00e9e; des th\u00e9ories critiques de la culture; des dispositifs m\u00e9diatiques dans leurs relations avec le corps et les affections, avec les pratiques \u00e9pist\u00e9mologiques et le pouvoir; les nouvelles temporalit\u00e9s et spatialit\u00e9s du sujet;<\/p>\n<p style=\"text-align: justify;\">b) une esth\u00e9tique et une narration de la communication qui abordent l&#8217;exp\u00e9rience esth\u00e9tique sous ses diff\u00e9rentes formes d&#8217;expression; la po\u00e9tique du contemporain; art et m\u00e9dias; les dialogues entre audiovisuel, litt\u00e9rature et art; production litt\u00e9raire et \u00e9tudes (auto) biographiques; auto-fictions; installation et performance; intervention urbaine; processus et productions de sens; imaginaire et imagination; politiques d&#8217;archivage et de m\u00e9moire;<\/p>\n<p style=\"text-align: justify;\">c) Th\u00e9orie et histoire de l&#8217;image et du son qui \u00e9tudient la culture visuelle contemporaine; l&#8217;histoire et les th\u00e9ories du cin\u00e9ma et de la photographie; audiovisualit\u00e9s et hybridit\u00e9; les perspectives documentaires, fictives et esth\u00e9tiques de l&#8217;image et du son; Cin\u00e9ma et photographie br\u00e9siliens; les champs exp\u00e9rimentaux et \u00e9tendus de l&#8217;image et du son;<\/p>\n<p style=\"text-align: justify;\">d) Technologie et subjectivit\u00e9 qui \u00e9tudient les philosophies de la communication et de la technique; biopouvoir, biopolitique et mani\u00e8res d&#8217;\u00eatre dans le monde; biosocialit\u00e9s et culture somatique; sch\u00e9mas de visibilit\u00e9; surveillance et spectacle; m\u00e9moire et oubli; \u00c9thique contemporaine.<\/p>\n<p style=\"text-align: justify;\">\n","protected":false},"excerpt":{"rendered":"<p>Cursus\u00a0: L\u2019orientation de recherche Image, esth\u00e9tique et culture contemporaine se consacre \u00e0 la recherche du contemporain dans ses diff\u00e9rentes formes d\u2019expression communicationnelle, en mettant l\u2019accent sur l\u2019esth\u00e9tique et les politiques en mati\u00e8re d\u2019image, de culture, de m\u00e9moire et d\u2019imagination. Elle met en \u00e9vidence la centralit\u00e9 des audiovisuels, des arts, des technologies et des r\u00e9cits dans [&hellip;]<\/p>\n","protected":false},"author":3,"featured_media":147,"parent":0,"menu_order":0,"comment_status":"closed","ping_status":"closed","template":"","meta":{"spay_email":"","footnotes":""},"class_list":["post-74","page","type-page","status-publish","has-post-thumbnail","hentry","clearfix","post-index"],"_links":{"self":[{"href":"https:\/\/ppgcom.fac.unb.br\/fr\/wp-json\/wp\/v2\/pages\/74","targetHints":{"allow":["GET"]}}],"collection":[{"href":"https:\/\/ppgcom.fac.unb.br\/fr\/wp-json\/wp\/v2\/pages"}],"about":[{"href":"https:\/\/ppgcom.fac.unb.br\/fr\/wp-json\/wp\/v2\/types\/page"}],"author":[{"embeddable":true,"href":"https:\/\/ppgcom.fac.unb.br\/fr\/wp-json\/wp\/v2\/users\/3"}],"replies":[{"embeddable":true,"href":"https:\/\/ppgcom.fac.unb.br\/fr\/wp-json\/wp\/v2\/comments?post=74"}],"version-history":[{"count":4,"href":"https:\/\/ppgcom.fac.unb.br\/fr\/wp-json\/wp\/v2\/pages\/74\/revisions"}],"predecessor-version":[{"id":129,"href":"https:\/\/ppgcom.fac.unb.br\/fr\/wp-json\/wp\/v2\/pages\/74\/revisions\/129"}],"wp:featuredmedia":[{"embeddable":true,"href":"https:\/\/ppgcom.fac.unb.br\/fr\/wp-json\/wp\/v2\/media\/147"}],"wp:attachment":[{"href":"https:\/\/ppgcom.fac.unb.br\/fr\/wp-json\/wp\/v2\/media?parent=74"}],"curies":[{"name":"wp","href":"https:\/\/api.w.org\/{rel}","templated":true}]}}