{"id":7,"date":"2021-03-30T11:00:06","date_gmt":"2021-03-30T14:00:06","guid":{"rendered":"http:\/\/ppgcom.fac.unb.br\/fr\/?page_id=7"},"modified":"2021-05-27T09:13:10","modified_gmt":"2021-05-27T12:13:10","slug":"lhistoire","status":"publish","type":"page","link":"https:\/\/ppgcom.fac.unb.br\/fr\/lhistoire\/","title":{"rendered":"L&#8217;histoire"},"content":{"rendered":"<p style=\"text-align: justify;\">Le programme d&#8217;\u00c9tudes sup\u00e9rieures en Communication de la Facult\u00e9 de Communication de l&#8217;Universit\u00e9 de Bras\u00edlia (PPG\/FAC\/UnB) compl\u00e9t\u00e9, en 2019, 45 ans d&#8217;activit\u00e9s continues de formation et de recherche d&#8217;excellence dans le milieu. Avec un Master consolid\u00e9, en place depuis 1974 et un Doctorat de haut niveau, cr\u00e9\u00e9 en 2003, le PPG\/FAC\/UnB, gr\u00e2ce \u00e0 sa localisation centrale, a su bien s\u2019int\u00e9grer tant aux niveaux r\u00e9gional, national qu\u2019international et former de nouveaux cadres qualifi\u00e9s pour l&#8217;enseignement, pour la recherche et pour les services \u00e0 la communaut\u00e9, principalement dans les r\u00e9gions du Centre-Ouest et du Nord.<\/p>\n<p style=\"text-align: justify;\">L&#8217;Universit\u00e9 de Bras\u00edlia (UnB) est la plus grande universit\u00e9 du Centre Ouest et l&#8217;une des plus grandes du Br\u00e9sil, avec environ 39000 \u00e9tudiants en licence, plus de 8000 \u00e9tudiants de master et de doctorat, ainsi que 2,800 enseignants (selon l&#8217;annuaire statistique de 2017).<\/p>\n<p style=\"text-align: justify;\">Universit\u00e9 \u00e0 vocation d\u00e9mocratique et inclusive (il y a 15 ans, elle fut la premi\u00e8re Universit\u00e9 f\u00e9d\u00e9rale \u00e0 adopter un syst\u00e8me de quotas ethniques), le site de l\u2019Universit\u00e9 de Brasilia est un vaste espace de vie et d&#8217;\u00e9changes de savoirs cr\u00e9\u00e9 ou inspir\u00e9 par les c\u00e9l\u00e8bres architectes Darcy Ribeiro, An\u00edsioTeixeira, L\u00facio Costa et Oscar Niemeyer.<\/p>\n<p style=\"text-align: justify;\">Le PPG-FAC\/UnB repose sur trois piliers : 1) une forte composante d\u2019innovation pour ses m\u00e9thodes d&#8217;enseignement ; 2) un souci vis-\u00e0-vis de la recherche, de la production du savoir, et de la formation de cadres universitaires scientifiques ; et 3) l&#8217;internationalisation. Ces trois piliers viennent de la trajectoire de la FAC-UnB, celle-ci \u00e9tant l&#8217;une des singularit\u00e9s aujourd\u2019hui consolid\u00e9es au sein de nos programmes de masters et doctorats.<\/p>\n<p style=\"text-align: justify;\">Les orientations de recherche des programmes de master et de doctorat en Communication (PPG\/FAC\/UnB) leur permettent de se distinguer dans le champ Communication et soci\u00e9t\u00e9, mettant l\u2019accent sur l\u2019\u00e9pist\u00e9mologie, les th\u00e9ories et les technologies de la communication, les politiques de communication et de la culture (dont le Br\u00e9sil est pionnier), le journalisme (notamment les transformations structurelles) et les \u00e9tudes de langages et r\u00e9cits.<\/p>\n<p style=\"text-align: justify;\">Au cours de ses 44 ann\u00e9es d&#8217;activit\u00e9 de master et de ses 15 ann\u00e9es de doctorat, la PPG\/ FAC\/UnB a form\u00e9 542 ma\u00eetres et 127 docteurs.<\/p>\n","protected":false},"excerpt":{"rendered":"<p>Le programme d&#8217;\u00c9tudes sup\u00e9rieures en Communication de la Facult\u00e9 de Communication de l&#8217;Universit\u00e9 de Bras\u00edlia (PPG\/FAC\/UnB) compl\u00e9t\u00e9, en 2019, 45 ans d&#8217;activit\u00e9s continues de formation et de recherche d&#8217;excellence dans le milieu. Avec un Master consolid\u00e9, en place depuis 1974 et un Doctorat de haut niveau, cr\u00e9\u00e9 en 2003, le PPG\/FAC\/UnB, gr\u00e2ce \u00e0 sa localisation [&hellip;]<\/p>\n","protected":false},"author":2,"featured_media":151,"parent":0,"menu_order":0,"comment_status":"closed","ping_status":"closed","template":"","meta":{"spay_email":"","footnotes":""},"class_list":["post-7","page","type-page","status-publish","has-post-thumbnail","hentry","clearfix","post-index"],"_links":{"self":[{"href":"https:\/\/ppgcom.fac.unb.br\/fr\/wp-json\/wp\/v2\/pages\/7","targetHints":{"allow":["GET"]}}],"collection":[{"href":"https:\/\/ppgcom.fac.unb.br\/fr\/wp-json\/wp\/v2\/pages"}],"about":[{"href":"https:\/\/ppgcom.fac.unb.br\/fr\/wp-json\/wp\/v2\/types\/page"}],"author":[{"embeddable":true,"href":"https:\/\/ppgcom.fac.unb.br\/fr\/wp-json\/wp\/v2\/users\/2"}],"replies":[{"embeddable":true,"href":"https:\/\/ppgcom.fac.unb.br\/fr\/wp-json\/wp\/v2\/comments?post=7"}],"version-history":[{"count":6,"href":"https:\/\/ppgcom.fac.unb.br\/fr\/wp-json\/wp\/v2\/pages\/7\/revisions"}],"predecessor-version":[{"id":275,"href":"https:\/\/ppgcom.fac.unb.br\/fr\/wp-json\/wp\/v2\/pages\/7\/revisions\/275"}],"wp:featuredmedia":[{"embeddable":true,"href":"https:\/\/ppgcom.fac.unb.br\/fr\/wp-json\/wp\/v2\/media\/151"}],"wp:attachment":[{"href":"https:\/\/ppgcom.fac.unb.br\/fr\/wp-json\/wp\/v2\/media?parent=7"}],"curies":[{"name":"wp","href":"https:\/\/api.w.org\/{rel}","templated":true}]}}