{"id":68,"date":"2021-04-05T10:24:25","date_gmt":"2021-04-05T13:24:25","guid":{"rendered":"http:\/\/ppgcom.fac.unb.br\/fr\/?page_id=68"},"modified":"2021-05-27T09:45:04","modified_gmt":"2021-05-27T12:45:04","slug":"axes-de-recherche","status":"publish","type":"page","link":"https:\/\/ppgcom.fac.unb.br\/fr\/axes-de-recherche\/","title":{"rendered":"Axes de Recherche"},"content":{"rendered":"<p style=\"text-align: justify;\">Apr\u00e8s le processus d&#8217;accr\u00e9ditation, de r\u00e9-accr\u00e9ditation et de disqualification des directeurs de recherche, tenu en novembre 2018, dans la continuit\u00e9 des actions du Plan strat\u00e9gique du programme, et dans la continuit\u00e9 du 2e. Le s\u00e9minaire pr\u00e9sent et futur de PPG \/ FAC, a \u00e9t\u00e9 approuv\u00e9 \u00e0 la deuxi\u00e8me r\u00e9union ordinaire coll\u00e9giale du programme d&#8217;\u00e9tudes sup\u00e9rieures en communication en 2019, tenue le 29 avril, la nouvelle structure des orientations de recherche, a maintenu le domaine de la communication et la concentration de la soci\u00e9t\u00e9.<\/p>\n<p style=\"text-align: justify;\">Les nouvelles <strong>O<\/strong><strong>rientations de<\/strong> <strong>Recherche<\/strong> commencent leurs activit\u00e9s au second semestre de 2019:<\/p>\n<ul>\n<li style=\"text-align: justify;\"><a href=\"http:\/\/ppgcom.fac.unb.br\/fr\/image-esthetique-et-culture-contemporaine\/\" target=\"_blank\" rel=\"noopener\">Image, esth\u00e9tique et culture contemporaine<\/a><\/li>\n<li><a href=\"http:\/\/ppgcom.fac.unb.br\/fr\/pouvoir-et-processus-de-communication\/\" target=\"_blank\" rel=\"noopener\">Pouvoir et Processus de Communication<\/a><\/li>\n<\/ul>\n","protected":false},"excerpt":{"rendered":"<p>Apr\u00e8s le processus d&#8217;accr\u00e9ditation, de r\u00e9-accr\u00e9ditation et de disqualification des directeurs de recherche, tenu en novembre 2018, dans la continuit\u00e9 des actions du Plan strat\u00e9gique du programme, et dans la continuit\u00e9 du 2e. Le s\u00e9minaire pr\u00e9sent et futur de PPG \/ FAC, a \u00e9t\u00e9 approuv\u00e9 \u00e0 la deuxi\u00e8me r\u00e9union ordinaire coll\u00e9giale du programme d&#8217;\u00e9tudes sup\u00e9rieures [&hellip;]<\/p>\n","protected":false},"author":3,"featured_media":148,"parent":0,"menu_order":0,"comment_status":"closed","ping_status":"closed","template":"","meta":{"spay_email":"","footnotes":""},"class_list":["post-68","page","type-page","status-publish","has-post-thumbnail","hentry","clearfix","post-index"],"_links":{"self":[{"href":"https:\/\/ppgcom.fac.unb.br\/fr\/wp-json\/wp\/v2\/pages\/68","targetHints":{"allow":["GET"]}}],"collection":[{"href":"https:\/\/ppgcom.fac.unb.br\/fr\/wp-json\/wp\/v2\/pages"}],"about":[{"href":"https:\/\/ppgcom.fac.unb.br\/fr\/wp-json\/wp\/v2\/types\/page"}],"author":[{"embeddable":true,"href":"https:\/\/ppgcom.fac.unb.br\/fr\/wp-json\/wp\/v2\/users\/3"}],"replies":[{"embeddable":true,"href":"https:\/\/ppgcom.fac.unb.br\/fr\/wp-json\/wp\/v2\/comments?post=68"}],"version-history":[{"count":9,"href":"https:\/\/ppgcom.fac.unb.br\/fr\/wp-json\/wp\/v2\/pages\/68\/revisions"}],"predecessor-version":[{"id":280,"href":"https:\/\/ppgcom.fac.unb.br\/fr\/wp-json\/wp\/v2\/pages\/68\/revisions\/280"}],"wp:featuredmedia":[{"embeddable":true,"href":"https:\/\/ppgcom.fac.unb.br\/fr\/wp-json\/wp\/v2\/media\/148"}],"wp:attachment":[{"href":"https:\/\/ppgcom.fac.unb.br\/fr\/wp-json\/wp\/v2\/media?parent=68"}],"curies":[{"name":"wp","href":"https:\/\/api.w.org\/{rel}","templated":true}]}}