{"id":61,"date":"2021-04-05T10:07:38","date_gmt":"2021-04-05T13:07:38","guid":{"rendered":"http:\/\/ppgcom.fac.unb.br\/fr\/?page_id=61"},"modified":"2021-05-27T09:46:47","modified_gmt":"2021-05-27T12:46:47","slug":"domaine-de-concentration","status":"publish","type":"page","link":"https:\/\/ppgcom.fac.unb.br\/fr\/domaine-de-concentration\/","title":{"rendered":"Domaine de concentration"},"content":{"rendered":"<p style=\"text-align: justify;\">Le domaine de concentration du programme d&#8217;\u00e9tudes sup\u00e9rieures en communication est aujourd&#8217;hui manifeste dans le bin\u00f4me <strong>Communication et soci\u00e9t\u00e9<\/strong> et vise \u00e0 \u00e9tudier les pratiques, processus, produits, institutions et technologies du domaine de la communication et leurs relations avec les sph\u00e8res politique, \u00e9conomique et sociale et les aspects culturels de la soci\u00e9t\u00e9 contemporaine. Le PPG-FAC est donc pleinement ins\u00e9r\u00e9 dans le vaste domaine de la Communication et de l&#8217;information, qui regroupe des connaissances, des actions et des r\u00e9flexions de nature strat\u00e9gique, en tenant compte de l\u2019importance des processus de m\u00e9diatisation, de communication et d\u2019information dans le monde actuel.<\/p>\n","protected":false},"excerpt":{"rendered":"<p>Le domaine de concentration du programme d&#8217;\u00e9tudes sup\u00e9rieures en communication est aujourd&#8217;hui manifeste dans le bin\u00f4me Communication et soci\u00e9t\u00e9 et vise \u00e0 \u00e9tudier les pratiques, processus, produits, institutions et technologies du domaine de la communication et leurs relations avec les sph\u00e8res politique, \u00e9conomique et sociale et les aspects culturels de la soci\u00e9t\u00e9 contemporaine. Le PPG-FAC [&hellip;]<\/p>\n","protected":false},"author":3,"featured_media":150,"parent":0,"menu_order":0,"comment_status":"closed","ping_status":"closed","template":"","meta":{"spay_email":"","footnotes":""},"class_list":["post-61","page","type-page","status-publish","has-post-thumbnail","hentry","clearfix","post-index"],"_links":{"self":[{"href":"https:\/\/ppgcom.fac.unb.br\/fr\/wp-json\/wp\/v2\/pages\/61","targetHints":{"allow":["GET"]}}],"collection":[{"href":"https:\/\/ppgcom.fac.unb.br\/fr\/wp-json\/wp\/v2\/pages"}],"about":[{"href":"https:\/\/ppgcom.fac.unb.br\/fr\/wp-json\/wp\/v2\/types\/page"}],"author":[{"embeddable":true,"href":"https:\/\/ppgcom.fac.unb.br\/fr\/wp-json\/wp\/v2\/users\/3"}],"replies":[{"embeddable":true,"href":"https:\/\/ppgcom.fac.unb.br\/fr\/wp-json\/wp\/v2\/comments?post=61"}],"version-history":[{"count":4,"href":"https:\/\/ppgcom.fac.unb.br\/fr\/wp-json\/wp\/v2\/pages\/61\/revisions"}],"predecessor-version":[{"id":281,"href":"https:\/\/ppgcom.fac.unb.br\/fr\/wp-json\/wp\/v2\/pages\/61\/revisions\/281"}],"wp:featuredmedia":[{"embeddable":true,"href":"https:\/\/ppgcom.fac.unb.br\/fr\/wp-json\/wp\/v2\/media\/150"}],"wp:attachment":[{"href":"https:\/\/ppgcom.fac.unb.br\/fr\/wp-json\/wp\/v2\/media?parent=61"}],"curies":[{"name":"wp","href":"https:\/\/api.w.org\/{rel}","templated":true}]}}