{"id":56,"date":"2021-04-05T09:44:21","date_gmt":"2021-04-05T12:44:21","guid":{"rendered":"http:\/\/ppgcom.fac.unb.br\/fr\/?page_id=56"},"modified":"2021-05-27T09:40:07","modified_gmt":"2021-05-27T12:40:07","slug":"structure-du-programme","status":"publish","type":"page","link":"https:\/\/ppgcom.fac.unb.br\/fr\/structure-du-programme\/","title":{"rendered":"Structure du programme"},"content":{"rendered":"<p style=\"text-align: justify;\"><strong>Organisation didactique du programme de master<\/strong><\/p>\n<p style=\"text-align: justify;\">Le master en communication doit \u00eatre conclu avec la soutenance, en un d\u00e9lai minimum de 12 mois et maximum de 24 mois.<\/p>\n<p style=\"text-align: justify;\">Le programme de master requiert un minimum de 24 cr\u00e9dits (24 cr\u00e9dits) r\u00e9partis de la mani\u00e8re suivante :<\/p>\n<p style=\"text-align: justify;\">1. a. 12 (douze) dans les mati\u00e8res obligatoires<br \/>\n2. b. 12 (douze) dans des mati\u00e8res facultatives.<\/p>\n<p style=\"text-align: justify;\">Au moins cinquante pour cent (50%) des cr\u00e9dits des cours facultatives doivent \u00eatre obtenus dans le programme.<br \/>\nLe programme de master en communication comprend des cours dans les suivants domaines :<\/p>\n<p style=\"text-align: justify;\">1. Zone de concentration, comprenant les cours obligatoires et facultatives du programme de master et doctorat en communication ;<br \/>\n2. Aire de domaine connexe, compos\u00e9e de sujets issus d\u2019autres programmes, jug\u00e9s appropri\u00e9s au r\u00e9gime d\u2019\u00e9tudes de l\u2019\u00e9tudiant, s\u00e9lectionn\u00e9s avec l\u2019accord du professeur conseiller.<\/p>\n<p style=\"text-align: justify;\">Les cr\u00e9dits associ\u00e9s aux cours facultatives peuvent \u00eatre remplac\u00e9s par un maximum de quatre (4) cr\u00e9dits, \u00e0 condition que l&#8217;\u00e9tudiant ex\u00e9cute les activit\u00e9s suivantes pendant la p\u00e9riode d&#8217;inscription au programme :<\/p>\n<p style=\"text-align: justify;\">1. Un article, \u00e9crit seul ou co-\u00e9crit avec le directeur de m\u00e9moire de master, publi\u00e9 dans une revue national ou international avec la classification Qualis, jusqu\u2019\u00e0 deux cr\u00e9dits ;<br \/>\n2. Un chapitre de livre de m\u00e9rite reconnu dans le domaine de la connaissance, jusqu&#8217;\u00e0 deux cr\u00e9dits ;<br \/>\n3. Un livre de m\u00e9rite reconnu dans le domaine de connaissance, jusqu&#8217;\u00e0 quatre cr\u00e9dits ;<br \/>\n4. La publication d&#8217;un texte complet dans les suites d&#8217;activit\u00e9s scientifiques, jusqu&#8217;\u00e0 un cr\u00e9dit.<\/p>\n<p style=\"text-align: justify;\">La substitution de cr\u00e9dits sera effectu\u00e9e gr\u00e2ce \u00e0 un examen individuel fait par la CPG, qui tiendra compte de la relation entre les activit\u00e9s r\u00e9alis\u00e9es et le projet de th\u00e8se propos\u00e9 par le candidat.<\/p>\n<p style=\"text-align: justify;\">L&#8217;\u00e9tudiant en master est tenu d&#8217;assister \u00e0 4 (quatre) soutenances menant \u00e0 des diplomations (master et doctorat), m\u00e9moire ou th\u00e8se tout au long du programme.<\/p>\n<p style=\"text-align: justify;\">La cours \u00ab Projet de recherche sur la soutenance d&#8217;une th\u00e8se \u00bb (non cr\u00e9dit\u00e9e) est obligatoire pour le programme de master et doit \u00eatre termin\u00e9e \u00e0 la fin du 2\u00e8me semestre.<\/p>\n<p style=\"text-align: justify;\">Dans les semestres au cours desquels l\u2019\u00e9tudiant se consacre \u00e0 l\u2019\u00e9laboration du m\u00e9moire de ma\u00eetrise, il doit s\u2019inscrire au : Travail Final (non cr\u00e9dit\u00e9)<\/p>\n<p style=\"text-align: justify;\">Conditions d&#8217;obtention du dipl\u00f4me de master en Communication :<\/p>\n<p style=\"text-align: justify;\">1. La r\u00e9alisation des cr\u00e9dits ;<br \/>\n2. La publication d&#8217;un article sur le th\u00e8me de la th\u00e8se, r\u00e9dig\u00e9 en collaboration avec le conseiller, dans une revue scientifique class\u00e9e dans la cat\u00e9gorie Qualis du domaine de la communication et de l&#8217;information de la CAPES ;<\/p>\n<p style=\"text-align: justify;\">Le comit\u00e9 d\u2019examen sera pr\u00e9sid\u00e9 par le directeur de m\u00e9moire de master, qui ne pourra pas faire de commentaires, compos\u00e9 de deux autres membres titulaires, dont au moins un ne faisant pas partie du programme, et un suppl\u00e9ant, et sa formation sera approuv\u00e9e par le comit\u00e9 du programme d\u2019\u00e9tudes sup\u00e9rieures.<\/p>\n<p style=\"text-align: justify;\"><strong>R\u00e9gime didactique du programme de doctorat<\/strong><\/p>\n<p style=\"text-align: justify;\">Le programme de doctorat en communication doit \u00eatre termin\u00e9, y compris avec la soutenance de th\u00e8se, en au moins 24 mois et au plus 48 mois.<\/p>\n<p style=\"text-align: justify;\">Exceptionnellement, sur pr\u00e9sentation de motifs d\u00fbment justifi\u00e9s et d&#8217;un calendrier indiquant la faisabilit\u00e9 de l&#8217;ach\u00e8vement des travaux, ce d\u00e9lai peut \u00eatre prolong\u00e9 de douze mois au maximum, apr\u00e8s accord de la Commission des \u00e9tudes sup\u00e9rieures.<\/p>\n<p style=\"text-align: justify;\">Le programme de doctorat n\u00e9cessite l\u2019acquisition d\u2019un minimum de 32 cr\u00e9dits, approuv\u00e9s et r\u00e9partis de la mani\u00e8re suivante :<\/p>\n<p style=\"text-align: justify;\">1. 16 (seize) dans les cours obligatoires<br \/>\n2. 16 (seize) dans des cours facultatives.<\/p>\n<p style=\"text-align: justify;\">Au moins cinquante pour cent (50%) des cr\u00e9dits des cours facultatives doivent \u00eatre obtenus dans le programme de master et doctorat en communication \/ UNB.<\/p>\n<p style=\"text-align: justify;\">Les \u00e9tudiants peuvent obtenir des cr\u00e9dits dans des domaines connexes, qui incluent toutes les cours des programmes de cycles sup\u00e9rieurs de l&#8217;Universit\u00e9 de Brasilia, ainsi que leurs \u00e9quivalents dans d&#8217;autres universit\u00e9s, reconnues par le CPG.<\/p>\n<p style=\"text-align: justify;\">Les cr\u00e9dits pour les cours optionnelles peuvent \u00eatre remplac\u00e9s par un maximum de six (6) cr\u00e9dits sp\u00e9ciaux \u00e0 condition que l&#8217;\u00e9tudiant ex\u00e9cute les activit\u00e9s suivantes, pendant la p\u00e9riode du programme :<\/p>\n<p style=\"text-align: justify;\">1. Un texte complet, \u00e9crit seul ou co-\u00e9crit avec un directeur de th\u00e8se, publi\u00e9 dans un magazine national ou international avec la classification Qualis, jusqu&#8217;\u00e0 deux cr\u00e9dits ;<br \/>\n2. Un chapitre de livre de m\u00e9rite reconnu dans le domaine de la connaissance, jusqu&#8217;\u00e0 deux cr\u00e9dits ;<br \/>\n3. Un livre de m\u00e9rite reconnu dans le domaine de la connaissance, jusqu&#8217;\u00e0 quatre cr\u00e9dits ;<br \/>\n4. La publication d&#8217;un ouvrage complet dans les suites d&#8217;activit\u00e9s scientifiques, jusqu\u2019\u00e0 un cr\u00e9dit.<\/p>\n<p style=\"text-align: justify;\">La substitution de cr\u00e9dits sera effectu\u00e9e gr\u00e2ce \u00e0 un examen individuel fait par la CPG, qui tiendra compte de la relation entre les activit\u00e9s r\u00e9alis\u00e9es et le projet de th\u00e8se propos\u00e9 par le candidat.<\/p>\n<p style=\"text-align: justify;\">Le doctorant est tenu d&#8217;assister \u00e0 quatre (quatre) soutenances menant \u00e0\u00a0la diplomation (ma\u00eetrise et doctorat), m\u00e9moire ou th\u00e8se tout au long du programme.<\/p>\n<p style=\"text-align: justify;\">Dans les semestres au cours desquels l&#8217;\u00e9tudiant se consacre \u00e0 la pr\u00e9paration de sa th\u00e8se de doctorat, il doit s&#8217;inscrire au Travail final (non cr\u00e9dit\u00e9).<\/p>\n<p style=\"text-align: justify;\">L&#8217;examen de qualification pour le programme de doctorat est obligatoire et doit \u00eatre pass\u00e9 avant la fin du quatri\u00e8me semestre.<\/p>\n<p style=\"text-align: justify;\">L&#8217;\u00e9tudiant doit d\u00e9fendre devant le jury d&#8217;examen son projet de th\u00e8se, qui devra inclure : la caract\u00e9risation du th\u00e8me de l&#8217;\u00e9tude, la d\u00e9finition de la probl\u00e9matique, le cadre th\u00e9orique, l&#8217;hypoth\u00e8se de travail (quand il y en a une), la description de la m\u00e9thodologie \u00e0 utiliser et la proposition d\u2019un chapitre.<\/p>\n<p style=\"text-align: justify;\">Le jury d&#8217;examen est nomm\u00e9 par le CPPG et est compos\u00e9 du directeur de th\u00e8se de l&#8217;\u00e9tudiant et de deux autres professeurs de doctorat ou de grande notori\u00e9t\u00e9.<\/p>\n<p style=\"text-align: justify;\">La pr\u00e9sidence du jury est confi\u00e9e au directeur de th\u00e8se.<\/p>\n<p style=\"text-align: justify;\">La composition du jury d&#8217;examen doit pr\u00e9voir la participation d&#8217;un enseignant ext\u00e9rieur au programme.<\/p>\n<p style=\"text-align: justify;\">Conditions d&#8217;obtention du dipl\u00f4me de docteur en communication :<\/p>\n<p style=\"text-align: justify;\">1. La r\u00e9alisation des cr\u00e9dits ;<br \/>\n2. Publication, dans une revue scientifique class\u00e9e par Qualis, du domaine de la communication et de l&#8217;information du CAPES, de deux articles r\u00e9dig\u00e9s par l&#8217;auteur seul ou en collaboration avec le directeur de th\u00e8se, relatifs au th\u00e8me de la th\u00e8se, avant la date de soutenance de la th\u00e8se.<\/p>\n<p style=\"text-align: justify;\">Le jury de la th\u00e8se de doctorat sera pr\u00e9sid\u00e9 par le directeur de recherche, non juge, et compos\u00e9 de trois autres membres titulaires et d\u2019un suppl\u00e9ant. Parmi les membres \u00e0 part enti\u00e8re, l&#8217;un doit \u00eatre li\u00e9 au programme et les autres, externes, au moins l&#8217;un d&#8217;entre eux n&#8217;\u00e9tant pas li\u00e9 \u00e0 l&#8217;Universit\u00e9 de Brasilia.<\/p>\n<p style=\"text-align: justify;\"><strong>Conclusion de cr\u00e9dits<\/strong><\/p>\n<p style=\"text-align: justify;\">Pourront \u00eatre valid\u00e9es les \u00e9tudes r\u00e9alis\u00e9es dans des master et doctorat au sein d\u2019institutions br\u00e9siliennes ou \u00e9trang\u00e8res, avec une limite de 40% (quarante pour cent) des cr\u00e9dits exig\u00e9s pour le Master et 50% (cinquante pour cent) de ceux qui sont exig\u00e9s pour le doctorat, selon les crit\u00e8res de la CPPG (\u00e0 d\u00e9finir).<\/p>\n<p style=\"text-align: justify;\">La validation des cr\u00e9dits sera bas\u00e9e sur un examen individualis\u00e9, qui tiendra compte de la relation entre les objectifs du projet de th\u00e8se et\/ou de la th\u00e8se propos\u00e9e par le candidat et sa formation ant\u00e9rieure.<\/p>\n<p style=\"text-align: justify;\">La validation des cr\u00e9dits d\u00e9finie \u00e0 partir du contenu du rapport du directeur de recherche.<\/p>\n<p style=\"text-align: justify;\">Les cours suivis avec un contenu \u00e9gal ou \u00e9quivalent au contenu \u00ab M\u00e9thodologie de la recherche \u00bb propos\u00e9 par PPGCOM ne seront pas soumis \u00e0 approbation.<\/p>\n<p style=\"text-align: justify;\">En cas de validation de r\u00e9int\u00e9gration dans les cursus de master et de doctorat, les \u00e9tudiants peuvent valider les cours d\u00e9j\u00e0 obtenues, \u00e0 l\u2019exception de \u00ab m\u00e9thodologie de recherche \u00bb, apr\u00e8s validation du CPPG, dans un d\u00e9lai maximum de cinq (5) ans, conform\u00e9ment aux normes en vigueur.<\/p>\n","protected":false},"excerpt":{"rendered":"<p>Organisation didactique du programme de master Le master en communication doit \u00eatre conclu avec la soutenance, en un d\u00e9lai minimum de 12 mois et maximum de 24 mois. Le programme de master requiert un minimum de 24 cr\u00e9dits (24 cr\u00e9dits) r\u00e9partis de la mani\u00e8re suivante : 1. a. 12 (douze) dans les mati\u00e8res obligatoires 2. [&hellip;]<\/p>\n","protected":false},"author":3,"featured_media":247,"parent":0,"menu_order":0,"comment_status":"closed","ping_status":"closed","template":"","meta":{"spay_email":"","footnotes":""},"class_list":["post-56","page","type-page","status-publish","has-post-thumbnail","hentry","clearfix","post-index"],"_links":{"self":[{"href":"https:\/\/ppgcom.fac.unb.br\/fr\/wp-json\/wp\/v2\/pages\/56","targetHints":{"allow":["GET"]}}],"collection":[{"href":"https:\/\/ppgcom.fac.unb.br\/fr\/wp-json\/wp\/v2\/pages"}],"about":[{"href":"https:\/\/ppgcom.fac.unb.br\/fr\/wp-json\/wp\/v2\/types\/page"}],"author":[{"embeddable":true,"href":"https:\/\/ppgcom.fac.unb.br\/fr\/wp-json\/wp\/v2\/users\/3"}],"replies":[{"embeddable":true,"href":"https:\/\/ppgcom.fac.unb.br\/fr\/wp-json\/wp\/v2\/comments?post=56"}],"version-history":[{"count":8,"href":"https:\/\/ppgcom.fac.unb.br\/fr\/wp-json\/wp\/v2\/pages\/56\/revisions"}],"predecessor-version":[{"id":279,"href":"https:\/\/ppgcom.fac.unb.br\/fr\/wp-json\/wp\/v2\/pages\/56\/revisions\/279"}],"wp:featuredmedia":[{"embeddable":true,"href":"https:\/\/ppgcom.fac.unb.br\/fr\/wp-json\/wp\/v2\/media\/247"}],"wp:attachment":[{"href":"https:\/\/ppgcom.fac.unb.br\/fr\/wp-json\/wp\/v2\/media?parent=56"}],"curies":[{"name":"wp","href":"https:\/\/api.w.org\/{rel}","templated":true}]}}