{"id":127,"date":"2021-04-05T18:46:16","date_gmt":"2021-04-05T21:46:16","guid":{"rendered":"http:\/\/ppgcom.fac.unb.br\/fr\/?page_id=127"},"modified":"2021-04-06T14:37:26","modified_gmt":"2021-04-06T17:37:26","slug":"pouvoir-et-processus-de-communication","status":"publish","type":"page","link":"https:\/\/ppgcom.fac.unb.br\/fr\/pouvoir-et-processus-de-communication\/","title":{"rendered":"Pouvoir et Processus de Communication"},"content":{"rendered":"<p>Cursus\u00a0:<\/p>\n<p style=\"text-align: justify;\">L\u2019orientation de recherche Pouvoir et processus de communication concentre ses recherches sur les relations de pouvoir litigieuses, dialectiques, collaboratives, sym\u00e9triques ou asym\u00e9triques en relation avec les processus, les pratiques de communication et les r\u00f4les jou\u00e9s par diff\u00e9rents acteurs sociaux. Elle comprend une approche de communication interdisciplinaire et critique pour analyser les diff\u00e9rentes interfaces entre les m\u00e9dias, l\u2019\u00c9tat, la soci\u00e9t\u00e9, les organisations, les groupes, les r\u00e9seaux, les citoyens et les consommateurs. Bas\u00e9e sur des m\u00e9thodologies quantitatives et qualitatives, cette orientation se consacre notamment \u00e0 l\u2019\u00e9tude des th\u00e8mes suivants : d\u00e9mocratie, droits de l\u2019homme, genre, race, ethnie et orientation sexuelle ; Gouvernance num\u00e9rique ; Journalisme, mouvements sociaux, monde du travail et organisations, pouvoir et soci\u00e9t\u00e9; Politiques de communication et de culture; Consommation et culture mat\u00e9rielle. Cette ligne \u00e9largit et consolide la tradition de PPG-FAC dans la recherche dans les domaines de la communication, de la culture, du journalisme et de la politique dans ses propositions th\u00e9oriques et m\u00e9thodologiques, indiquant un effort d&#8217;int\u00e9gration face aux configurations historiques et \u00e9mergentes de la soci\u00e9t\u00e9 et des \u00e9tudes en communication.<\/p>\n","protected":false},"excerpt":{"rendered":"<p>Cursus\u00a0: L\u2019orientation de recherche Pouvoir et processus de communication concentre ses recherches sur les relations de pouvoir litigieuses, dialectiques, collaboratives, sym\u00e9triques ou asym\u00e9triques en relation avec les processus, les pratiques de communication et les r\u00f4les jou\u00e9s par diff\u00e9rents acteurs sociaux. Elle comprend une approche de communication interdisciplinaire et critique pour analyser les diff\u00e9rentes interfaces entre [&hellip;]<\/p>\n","protected":false},"author":2,"featured_media":167,"parent":0,"menu_order":0,"comment_status":"closed","ping_status":"closed","template":"","meta":{"spay_email":"","footnotes":""},"class_list":["post-127","page","type-page","status-publish","has-post-thumbnail","hentry","clearfix","post-index"],"_links":{"self":[{"href":"https:\/\/ppgcom.fac.unb.br\/fr\/wp-json\/wp\/v2\/pages\/127","targetHints":{"allow":["GET"]}}],"collection":[{"href":"https:\/\/ppgcom.fac.unb.br\/fr\/wp-json\/wp\/v2\/pages"}],"about":[{"href":"https:\/\/ppgcom.fac.unb.br\/fr\/wp-json\/wp\/v2\/types\/page"}],"author":[{"embeddable":true,"href":"https:\/\/ppgcom.fac.unb.br\/fr\/wp-json\/wp\/v2\/users\/2"}],"replies":[{"embeddable":true,"href":"https:\/\/ppgcom.fac.unb.br\/fr\/wp-json\/wp\/v2\/comments?post=127"}],"version-history":[{"count":3,"href":"https:\/\/ppgcom.fac.unb.br\/fr\/wp-json\/wp\/v2\/pages\/127\/revisions"}],"predecessor-version":[{"id":233,"href":"https:\/\/ppgcom.fac.unb.br\/fr\/wp-json\/wp\/v2\/pages\/127\/revisions\/233"}],"wp:featuredmedia":[{"embeddable":true,"href":"https:\/\/ppgcom.fac.unb.br\/fr\/wp-json\/wp\/v2\/media\/167"}],"wp:attachment":[{"href":"https:\/\/ppgcom.fac.unb.br\/fr\/wp-json\/wp\/v2\/media?parent=127"}],"curies":[{"name":"wp","href":"https:\/\/api.w.org\/{rel}","templated":true}]}}