{"id":109,"date":"2021-04-05T12:41:09","date_gmt":"2021-04-05T15:41:09","guid":{"rendered":"http:\/\/ppgcom.fac.unb.br\/fr\/?page_id=109"},"modified":"2021-05-28T16:28:40","modified_gmt":"2021-05-28T19:28:40","slug":"contact","status":"publish","type":"page","link":"https:\/\/ppgcom.fac.unb.br\/fr\/contact\/","title":{"rendered":"Contact"},"content":{"rendered":"<p>Salle de classe:<br \/>\nSous-sol:<\/p>\n<p>T\u00e9l\u00e9phones du secr\u00e9tariat des \u00e9tudes sup\u00e9rieures: 3107-6539 et 3107-6541<\/p>\n<p>Coordinatrice: Prof. Dra. Fernanda Casagrande Martinelli Lima Granja Xavier da Silva<br \/>\nCourriel:\u00a0<a href=\"mailto:nandamartineli@yahoo.com.br\">nandamartineli@yahoo.com.br<\/a><\/p>\n<p>Coordinatrice adjointe: Prof. Dra. Liziane Soares Guazina<br \/>\nCourriel:\u00a0<a href=\"mailto:liziane.g@uol.com.br\">liziane.g@uol.com.br<\/a><\/p>\n<p>Assistants d&#8217;administration: Carolina Sotelo Pinheiro Du Pin Calmon e Regina L\u00facia de Oliveira \u2013 Courriel:\u00a0<a href=\"mailto:poscom@unb.br\">poscom@unb.br<\/a><\/p>\n<p><strong>Heures de bureau : 7h \u00e0 19h &#8211; de lundi \u00e0 vendredi<\/strong><\/p>\n","protected":false},"excerpt":{"rendered":"<p>Salle de classe: Sous-sol: T\u00e9l\u00e9phones du secr\u00e9tariat des \u00e9tudes sup\u00e9rieures: 3107-6539 et 3107-6541 Coordinatrice: Prof. Dra. Fernanda Casagrande Martinelli Lima Granja Xavier da Silva Courriel:\u00a0nandamartineli@yahoo.com.br Coordinatrice adjointe: Prof. Dra. Liziane Soares Guazina Courriel:\u00a0liziane.g@uol.com.br Assistants d&#8217;administration: Carolina Sotelo Pinheiro Du Pin Calmon e Regina L\u00facia de Oliveira \u2013 Courriel:\u00a0poscom@unb.br Heures de bureau : 7h \u00e0 19h [&hellip;]<\/p>\n","protected":false},"author":3,"featured_media":141,"parent":0,"menu_order":0,"comment_status":"closed","ping_status":"closed","template":"","meta":{"spay_email":"","footnotes":""},"class_list":["post-109","page","type-page","status-publish","has-post-thumbnail","hentry","clearfix","post-index"],"_links":{"self":[{"href":"https:\/\/ppgcom.fac.unb.br\/fr\/wp-json\/wp\/v2\/pages\/109","targetHints":{"allow":["GET"]}}],"collection":[{"href":"https:\/\/ppgcom.fac.unb.br\/fr\/wp-json\/wp\/v2\/pages"}],"about":[{"href":"https:\/\/ppgcom.fac.unb.br\/fr\/wp-json\/wp\/v2\/types\/page"}],"author":[{"embeddable":true,"href":"https:\/\/ppgcom.fac.unb.br\/fr\/wp-json\/wp\/v2\/users\/3"}],"replies":[{"embeddable":true,"href":"https:\/\/ppgcom.fac.unb.br\/fr\/wp-json\/wp\/v2\/comments?post=109"}],"version-history":[{"count":7,"href":"https:\/\/ppgcom.fac.unb.br\/fr\/wp-json\/wp\/v2\/pages\/109\/revisions"}],"predecessor-version":[{"id":304,"href":"https:\/\/ppgcom.fac.unb.br\/fr\/wp-json\/wp\/v2\/pages\/109\/revisions\/304"}],"wp:featuredmedia":[{"embeddable":true,"href":"https:\/\/ppgcom.fac.unb.br\/fr\/wp-json\/wp\/v2\/media\/141"}],"wp:attachment":[{"href":"https:\/\/ppgcom.fac.unb.br\/fr\/wp-json\/wp\/v2\/media?parent=109"}],"curies":[{"name":"wp","href":"https:\/\/api.w.org\/{rel}","templated":true}]}}