{"id":102,"date":"2021-04-05T12:36:13","date_gmt":"2021-04-05T15:36:13","guid":{"rendered":"http:\/\/ppgcom.fac.unb.br\/fr\/?page_id=102"},"modified":"2021-05-28T16:09:21","modified_gmt":"2021-05-28T19:09:21","slug":"bourses-detudes","status":"publish","type":"page","link":"https:\/\/ppgcom.fac.unb.br\/fr\/bourses-detudes\/","title":{"rendered":"Bourses d&#8217;\u00e9tudes"},"content":{"rendered":"<p style=\"text-align: justify;\">Le programme d&#8217;\u00e9tudes sup\u00e9rieures en communication offre chaque ann\u00e9e des bourses pour financer les \u00e9tudes au niveau de master et de doctorat provenant de deux sources : <strong>Capes et CNPq <\/strong>.<\/p>\n<p style=\"text-align: justify;\">Le programme ne pr\u00e9voyant pas de bourses pour tous les \u00e9tudiants, il adopte les crit\u00e8res de s\u00e9lection des parties int\u00e9ress\u00e9es, d\u00e9cid\u00e9s lors de la IVe r\u00e9union coll\u00e9giale du programme de cycles sup\u00e9rieurs en communication du 22\/06\/2005 :<\/p>\n<ul>\n<li style=\"text-align: justify;\">Classification dans le processus de s\u00e9lection ;<\/li>\n<li style=\"text-align: justify;\">Aucune autre activit\u00e9 (de formation ou professionnelle) que le programme ;<\/li>\n<li style=\"text-align: justify;\">Absence d&#8217;emploi (uniquement autoris\u00e9 \u00e0 enseigner avec une r\u00e9mun\u00e9ration inf\u00e9rieure \u00e0 la valeur de la bourse);<\/li>\n<li style=\"text-align: justify;\">R\u00e9ussite scolaire (mention sup\u00e9rieure \u00e0 MM);<\/li>\n<li style=\"text-align: justify;\">Candidats d&#8217;un autre \u00c9tat (sans r\u00e9sidence fixe \u00e0 Brasilia).<\/li>\n<\/ul>\n<p style=\"text-align: justify;\"><strong>Le programme exige que l&#8217;\u00e9tudiant boursier :<\/strong><\/p>\n<ul>\n<li style=\"text-align: justify;\">Se consacre uniquement aux activit\u00e9s du programme d&#8217;\u00e9tudes sup\u00e9rieures ;<br \/>\nprouve un rendement scolaire satisfaisant ;<\/li>\n<li style=\"text-align: justify;\">Au cas o\u00f9 il aurait un contrat de travail, \u00eatre lib\u00e9r\u00e9 des activit\u00e9s professionnelles sans recevoir aucun revenu ;<\/li>\n<li style=\"text-align: justify;\">N\u2019ait pas de relation de travail avec le programme ;<\/li>\n<li style=\"text-align: justify;\">R\u00e9alizer un stage d\u2019enseignement ;<\/li>\n<li style=\"text-align: justify;\">Pas cumuler sa bourse avec une autre forme d\u2019aide ou de bourse d\u2019un autre programme des agences de financement ;<\/li>\n<li style=\"text-align: justify;\">Ne soit pas \u00e9tudiant dans un programme de r\u00e9sidence de m\u00e9decine ;<\/li>\n<li style=\"text-align: justify;\">Ne soit pas \u00e0 la retraite ou dans une situation similaire;<\/li>\n<li><span style=\"text-align: justify;\">Manque, lors de l&#8217;octroi de la bourse, de travailler pendant une p\u00e9riode d&#8217;au moins vingt ou vingt-quatre ans pour obtenir une retraite volontaire, en tant que bourse de doctorat ou de ma\u00eetrise, respectivement;<\/span><\/li>\n<li><span style=\"text-align: justify;\">soit class\u00e9 dans le processus de s\u00e9lection du programme.<\/span><\/li>\n<\/ul>\n<p style=\"text-align: justify;\">Attention : L&#8217;\u00e9tudiant de troisi\u00e8me cycle qui re\u00e7oit une r\u00e9mun\u00e9ration brute inf\u00e9rieure \u00e0 la valeur de la bourse r\u00e9sultant d&#8217;un lien fonctionnel dans le domaine de l&#8217;\u00e9ducation ou de la sant\u00e9 publique peut \u00eatre admis en tant que boursier, \u00e0 condition qu&#8217;il soit totalement lib\u00e9r\u00e9 de l&#8217;activit\u00e9 professionnelle et qu&#8217;il participe au cours de troisi\u00e8me cycle en: domaines respectifs.<\/p>\n<p style=\"text-align: justify;\"><strong>Dur\u00e9e des bourses<\/strong><\/p>\n<p style=\"text-align: justify;\">La bourse sera accord\u00e9e pour une p\u00e9riode de 12 (douze mois) et pourra \u00eatre renouvel\u00e9e chaque ann\u00e9e jusqu&#8217;\u00e0 la limite de 48 (quarante-huit) mois pour le doctorat et de 24 (vingt-quatre) mois pour le master si les conditions suivantes sont remplies :<\/p>\n<ul>\n<li style=\"text-align: justify;\">Recommandation de la Commission des \u00e9tudes sup\u00e9rieures, bas\u00e9e sur l&#8217;\u00e9valuation du rendement scolaire de l&#8217;\u00e9tudiant dipl\u00f4m\u00e9 ;<\/li>\n<li style=\"text-align: justify;\">Persistance des conditions personnelles du b\u00e9n\u00e9ficiaire ayant men\u00e9 \u00e0 la subvention pr\u00e9c\u00e9dente.<\/li>\n<\/ul>\n<p style=\"text-align: justify;\"><strong>Suspension de la bourse<\/strong><\/p>\n<p style=\"text-align: justify;\">La p\u00e9riode maximale de suspension de la bourse, d\u00fbment justifi\u00e9e, ira jusqu\u2019\u00e0 dix-huit (18) mois et aura lieu dans les cas suivants :<\/p>\n<ul>\n<li style=\"text-align: justify;\">Jusqu\u2019\u00e0 six (six) mois, en cas de maladie grave emp\u00eachant le boursier de participer aux activit\u00e9s du cours, ou lors de l&#8217;accouchement ou de l\u2019allaitement;<\/li>\n<li style=\"text-align: justify;\">Jusqu\u2019\u00e0 six (six) mois pour la ma\u00eetrise et douze mois pour le doctorat en alternance dans le cadre du programme PROCAD \/ CAPES ;<\/li>\n<li style=\"text-align: justify;\">Jusqu\u2019\u00e0 dix-huit (18) mois, pour une bourse de doctorat, pour effectuer un stage \u00e0 l&#8217;\u00e9tranger en rapport avec son plan de cours, avec le soutien de la CAPES ou d&#8217;une autre agence.<\/li>\n<\/ul>\n<p style=\"text-align: justify;\">La suspension pour les raisons pr\u00e9vues ne sera pas calcul\u00e9e pour la dur\u00e9e de la bourse.<\/p>\n<p style=\"text-align: justify;\"><strong>R\u00e9vocation de concession<\/strong><\/p>\n<p style=\"text-align: justify;\">L&#8217;octroi de la bourse sera annul\u00e9, avec le remboursement cons\u00e9cutif de tous les frais de scolarit\u00e9 et autres avantages, dans les cas suivants :<\/p>\n<ul>\n<li style=\"text-align: justify;\">si l&#8217;omission de la perception de la compensation est v\u00e9rifi\u00e9e, au besoin;<\/li>\n<li style=\"text-align: justify;\">si une fausse d\u00e9claration d&#8217;absence de soutien de quelque nature que ce soit est faite par un autre organisme;<\/li>\n<li style=\"text-align: justify;\">si le boursier a commis une fraude, sans laquelle la subvention n&#8217;aurait pas eu lieu.<\/li>\n<\/ul>\n<p style=\"text-align: justify;\">La bourse peut \u00eatre r\u00e9voqu\u00e9e \u00e0 tout moment pour infraction aux r\u00e8gles et le titulaire de la bourse est tenu de rembourser l&#8217;investissement effectu\u00e9 ind\u00fbment en sa faveur et devient incapable de recevoir des avantages des organismes de financement pendant une p\u00e9riode de cinq (5) ans suivant le fait.<\/p>\n","protected":false},"excerpt":{"rendered":"<p>Le programme d&#8217;\u00e9tudes sup\u00e9rieures en communication offre chaque ann\u00e9e des bourses pour financer les \u00e9tudes au niveau de master et de doctorat provenant de deux sources : Capes et CNPq . Le programme ne pr\u00e9voyant pas de bourses pour tous les \u00e9tudiants, il adopte les crit\u00e8res de s\u00e9lection des parties int\u00e9ress\u00e9es, d\u00e9cid\u00e9s lors de la [&hellip;]<\/p>\n","protected":false},"author":3,"featured_media":139,"parent":0,"menu_order":0,"comment_status":"closed","ping_status":"closed","template":"","meta":{"spay_email":"","footnotes":""},"class_list":["post-102","page","type-page","status-publish","has-post-thumbnail","hentry","clearfix","post-index"],"_links":{"self":[{"href":"https:\/\/ppgcom.fac.unb.br\/fr\/wp-json\/wp\/v2\/pages\/102","targetHints":{"allow":["GET"]}}],"collection":[{"href":"https:\/\/ppgcom.fac.unb.br\/fr\/wp-json\/wp\/v2\/pages"}],"about":[{"href":"https:\/\/ppgcom.fac.unb.br\/fr\/wp-json\/wp\/v2\/types\/page"}],"author":[{"embeddable":true,"href":"https:\/\/ppgcom.fac.unb.br\/fr\/wp-json\/wp\/v2\/users\/3"}],"replies":[{"embeddable":true,"href":"https:\/\/ppgcom.fac.unb.br\/fr\/wp-json\/wp\/v2\/comments?post=102"}],"version-history":[{"count":12,"href":"https:\/\/ppgcom.fac.unb.br\/fr\/wp-json\/wp\/v2\/pages\/102\/revisions"}],"predecessor-version":[{"id":297,"href":"https:\/\/ppgcom.fac.unb.br\/fr\/wp-json\/wp\/v2\/pages\/102\/revisions\/297"}],"wp:featuredmedia":[{"embeddable":true,"href":"https:\/\/ppgcom.fac.unb.br\/fr\/wp-json\/wp\/v2\/media\/139"}],"wp:attachment":[{"href":"https:\/\/ppgcom.fac.unb.br\/fr\/wp-json\/wp\/v2\/media?parent=102"}],"curies":[{"name":"wp","href":"https:\/\/api.w.org\/{rel}","templated":true}]}}