{"id":98,"date":"2021-04-07T19:13:06","date_gmt":"2021-04-07T22:13:06","guid":{"rendered":"http:\/\/ppgcom.fac.unb.br\/es\/?page_id=98"},"modified":"2021-04-08T10:00:53","modified_gmt":"2021-04-08T13:00:53","slug":"estudiante-especial","status":"publish","type":"page","link":"https:\/\/ppgcom.fac.unb.br\/es\/estudiante-especial\/","title":{"rendered":"Estudiante especial"},"content":{"rendered":"<p>Inscripci\u00f3n en l\u00ednea: 12 y 13 de agosto.<br \/>\nOferta lista 2 \u00b0 \/ 2019<\/p>\n<table style=\"border-collapse: collapse; width: 100%;\">\n<tbody>\n<tr>\n<td style=\"width: 33.3333%;\">Disciplinas<\/td>\n<td style=\"width: 33.3333%;\">Docentes<\/td>\n<td style=\"width: 33.3333%;\">Horas<\/td>\n<\/tr>\n<tr>\n<td style=\"width: 33.3333%;\">Teor\u00edas de la Comunicaci\u00f3n Contempor\u00e1neas<\/td>\n<td style=\"width: 33.3333%;\"><\/td>\n<td style=\"width: 33.3333%;\"><\/td>\n<\/tr>\n<tr>\n<td style=\"width: 33.3333%;\">Est\u00e9tica y Comunicaci\u00f3n<\/td>\n<td style=\"width: 33.3333%;\"><\/td>\n<td style=\"width: 33.3333%;\"><\/td>\n<\/tr>\n<tr>\n<td style=\"width: 33.3333%;\">Internet, Pol\u00edtica y Poder<\/td>\n<td style=\"width: 33.3333%;\"><\/td>\n<td style=\"width: 33.3333%;\"><\/td>\n<\/tr>\n<tr>\n<td style=\"width: 33.3333%;\">Estudios de Medios<\/td>\n<td style=\"width: 33.3333%;\"><\/td>\n<td style=\"width: 33.3333%;\"><\/td>\n<\/tr>\n<tr>\n<td style=\"width: 33.3333%;\">Temas Especiales en Comunicaci\u00f3n 2 &#8211; Tecnolog\u00eda, subjetividad y algunas genealog\u00edas del Futuro<\/td>\n<td style=\"width: 33.3333%;\"><\/td>\n<td style=\"width: 33.3333%;\"><\/td>\n<\/tr>\n<\/tbody>\n<\/table>\n<p>&nbsp;<\/p>\n<p>&nbsp;<\/p>\n<p>&nbsp;<\/p>\n<p>&nbsp;<\/p>\n<p>&nbsp;<\/p>\n","protected":false},"excerpt":{"rendered":"<p>Inscripci\u00f3n en l\u00ednea: 12 y 13 de agosto. Oferta lista 2 \u00b0 \/ 2019 Disciplinas Docentes Horas Teor\u00edas de la Comunicaci\u00f3n Contempor\u00e1neas Est\u00e9tica y Comunicaci\u00f3n Internet, Pol\u00edtica y Poder Estudios de Medios Temas Especiales en Comunicaci\u00f3n 2 &#8211; Tecnolog\u00eda, subjetividad y algunas genealog\u00edas del Futuro &nbsp; &nbsp; &nbsp; &nbsp; &nbsp;<\/p>\n","protected":false},"author":2,"featured_media":12,"parent":0,"menu_order":0,"comment_status":"closed","ping_status":"closed","template":"","meta":{"spay_email":"","footnotes":""},"class_list":["post-98","page","type-page","status-publish","has-post-thumbnail","hentry","clearfix","post-index"],"_links":{"self":[{"href":"https:\/\/ppgcom.fac.unb.br\/es\/wp-json\/wp\/v2\/pages\/98","targetHints":{"allow":["GET"]}}],"collection":[{"href":"https:\/\/ppgcom.fac.unb.br\/es\/wp-json\/wp\/v2\/pages"}],"about":[{"href":"https:\/\/ppgcom.fac.unb.br\/es\/wp-json\/wp\/v2\/types\/page"}],"author":[{"embeddable":true,"href":"https:\/\/ppgcom.fac.unb.br\/es\/wp-json\/wp\/v2\/users\/2"}],"replies":[{"embeddable":true,"href":"https:\/\/ppgcom.fac.unb.br\/es\/wp-json\/wp\/v2\/comments?post=98"}],"version-history":[{"count":3,"href":"https:\/\/ppgcom.fac.unb.br\/es\/wp-json\/wp\/v2\/pages\/98\/revisions"}],"predecessor-version":[{"id":125,"href":"https:\/\/ppgcom.fac.unb.br\/es\/wp-json\/wp\/v2\/pages\/98\/revisions\/125"}],"wp:featuredmedia":[{"embeddable":true,"href":"https:\/\/ppgcom.fac.unb.br\/es\/wp-json\/wp\/v2\/media\/12"}],"wp:attachment":[{"href":"https:\/\/ppgcom.fac.unb.br\/es\/wp-json\/wp\/v2\/media?parent=98"}],"curies":[{"name":"wp","href":"https:\/\/api.w.org\/{rel}","templated":true}]}}