{"id":96,"date":"2021-04-07T19:11:07","date_gmt":"2021-04-07T22:11:07","guid":{"rendered":"http:\/\/ppgcom.fac.unb.br\/es\/?page_id=96"},"modified":"2021-05-28T22:59:07","modified_gmt":"2021-05-29T01:59:07","slug":"estructura-curricular","status":"publish","type":"page","link":"https:\/\/ppgcom.fac.unb.br\/es\/estructura-curricular\/","title":{"rendered":"Estructura curricular"},"content":{"rendered":"<p style=\"text-align: justify;\"><b>R\u00e9gimen did\u00e1ctico de la Maestr\u00eda<\/b><\/p>\n<p style=\"text-align: justify;\"><span style=\"font-weight: 400;\">La Maestr\u00eda en Comunicaci\u00f3n debe concluirse, incluso con la defensa de la <\/span><span style=\"font-weight: 400;\">tesis de maestr\u00eda<\/span><span style=\"font-weight: 400;\">, en un m\u00ednimo de 12 y un m\u00e1ximo de 24 meses.<\/span><\/p>\n<p style=\"text-align: justify;\"><span style=\"font-weight: 400;\">La Maestr\u00eda requiere un m\u00ednimo de 24 (veinticuatro) cr\u00e9ditos para su cumplimiento, distribuidos de la siguiente manera:<\/span><\/p>\n<ol style=\"text-align: justify;\">\n<li><span style=\"font-weight: 400;\"> a. 12 (doce) en asignaturas obligatorias<\/span><\/li>\n<li><span style=\"font-weight: 400;\"> b. 12 (doce) en asignaturas optativas.<\/span><\/li>\n<\/ol>\n<p style=\"text-align: justify;\"><span style=\"font-weight: 400;\">Al menos el 50% (cincuenta por ciento) de los cr\u00e9ditos en asignaturas optativas deber\u00e1n cumplirse en el Programa.<\/span><\/p>\n<p style=\"text-align: justify;\"><span style=\"font-weight: 400;\">El plan de estudios de la Maestr\u00eda en Comunicaci\u00f3n incluye asignaturas en:<\/span><\/p>\n<ol style=\"text-align: justify;\">\n<li><span style=\"font-weight: 400;\"> \u00e1rea de concentraci\u00f3n, que consta de asignaturas obligatorias y optativas del Programa de Posgrado en Comunicaci\u00f3n;<\/span><\/li>\n<li><span style=\"font-weight: 400;\"> \u00e1rea de dominio conexo, compuesta por disciplinas de otros Programas, consideradas adecuadas al r\u00e9gimen de estudios del alumno, seleccionadas de com\u00fan acuerdo con el supervisor.<\/span><\/li>\n<\/ol>\n<p style=\"text-align: justify;\"><span style=\"font-weight: 400;\">Los cr\u00e9ditos referidos a materias optativas podr\u00e1n ser sustituidos por hasta 4 (cuatro) cr\u00e9ditos siempre que el alumno realice, durante el per\u00edodo en el que se encuentre matriculado en el Programa, las siguientes actividades:<\/span><\/p>\n<ol style=\"text-align: justify;\">\n<li><span style=\"font-weight: 400;\"> Obra completa, de autor\u00eda individual o en coautor\u00eda con el supervisor, publicada en una revista nacional o internacional con calificaci\u00f3n Qualis (sistema de clasificaci\u00f3n brasilero de publicaciones cient\u00edficas), hasta dos cr\u00e9ditos;<\/span><\/li>\n<li><span style=\"font-weight: 400;\"> cap\u00edtulo de libro de reconocido m\u00e9rito en el \u00e1rea de conocimiento, hasta dos cr\u00e9ditos;<\/span><\/li>\n<li><span style=\"font-weight: 400;\"> libro de m\u00e9rito reconocido en el \u00e1rea de conocimiento, hasta cuatro cr\u00e9ditos;<\/span><\/li>\n<li><span style=\"font-weight: 400;\"> publicaci\u00f3n de obra completa en anales de eventos cient\u00edficos, hasta un cr\u00e9dito.<\/span><\/li>\n<\/ol>\n<p style=\"text-align: justify;\"><span style=\"font-weight: 400;\">La sustituci\u00f3n de cr\u00e9ditos se basar\u00e1 en un examen individual por CPG, que tendr\u00e1 en cuenta la relaci\u00f3n entre las actividades realizadas y el proyecto de tesis propuesto por el solicitante.<\/span><\/p>\n<p style=\"text-align: justify;\"><span style=\"font-weight: 400;\">El alumno de maestr\u00eda deber\u00e1 presenciar 4 (cuatro) defensas de titulaci\u00f3n (maestr\u00eda y doctorado), <\/span><span style=\"font-weight: 400;\">tesis de maestr\u00eda<\/span><span style=\"font-weight: 400;\"> o tesis a lo largo del curso.<\/span><\/p>\n<p style=\"text-align: justify;\"><span style=\"font-weight: 400;\">La disciplina \u201cDefensa del Proyecto de Investigaci\u00f3n de <\/span><span style=\"font-weight: 400;\">tesis de maestr\u00eda\u201d<\/span><span style=\"font-weight: 400;\"> es obligatoria para el Curso de Maestr\u00eda y debe completarse al final del segundo semestre acad\u00e9mico.<\/span><\/p>\n<p style=\"text-align: justify;\"><span style=\"font-weight: 400;\">En los semestres en que el alumno se dedique a la elaboraci\u00f3n de su <\/span><span style=\"font-weight: 400;\">tesis de maestr\u00eda<\/span><span style=\"font-weight: 400;\"> deber\u00e1 matricularse en Elaboraci\u00f3n de: Trabajo final (sin cr\u00e9ditos)<\/span><\/p>\n<p style=\"text-align: justify;\"><span style=\"font-weight: 400;\">Los requisitos para la obtenci\u00f3n de la Maestr\u00eda en Comunicaci\u00f3n son:<\/span><\/p>\n<ol style=\"text-align: justify;\">\n<li><span style=\"font-weight: 400;\"> El cumplimiento de los cr\u00e9ditos;<\/span><\/li>\n<li><span style=\"font-weight: 400;\"> la publicaci\u00f3n de un art\u00edculo relacionado con el tema de la <\/span><span style=\"font-weight: 400;\">tesis de maestr\u00eda<\/span><span style=\"font-weight: 400;\">, en coautor\u00eda con el supervisor, en una revista cient\u00edfica clasificada en el<\/span><\/li>\n<\/ol>\n<p style=\"text-align: justify;\"><span style=\"font-weight: 400;\">Qualis del \u00c1rea de Comunicaci\u00f3n e Informaci\u00f3n de la CAPES;<\/span><\/p>\n<p style=\"text-align: justify;\"><span style=\"font-weight: 400;\">La Comisi\u00f3n Examinadora estar\u00e1 presidida por el profesor supervisor (director de la <\/span><span style=\"font-weight: 400;\">tesis de maestr\u00eda<\/span><span style=\"font-weight: 400;\">), que no tendr\u00e1 derecho a juicio, y estar\u00e1 integrada por otros dos miembros titulares, al menos uno de ellos no vinculado al Programa y \u200b\u200bpor un suplente; ser\u00e1 aprobada por la Comisi\u00f3n de Posgrado del Programa.<\/span><\/p>\n<p style=\"text-align: justify;\"><b>R\u00e9gimen did\u00e1ctico del Doctorado<\/b><\/p>\n<p style=\"text-align: justify;\"><span style=\"font-weight: 400;\">El Doctorado en Comunicaci\u00f3n debe concluirse, incluso con la defensa de la tesis, en un m\u00ednimo de 24 y un m\u00e1ximo de 48 meses.<\/span><\/p>\n<p style=\"text-align: justify;\"><span style=\"font-weight: 400;\">Excepcionalmente, previa presentaci\u00f3n de motivos plenamente justificados y un cronograma que indique la viabilidad de finalizaci\u00f3n del trabajo, este plazo podr\u00e1 ampliarse hasta doce meses, previa aprobaci\u00f3n de la Comisi\u00f3n de Posgrado del Programa (CPG)<\/span><\/p>\n<p style=\"text-align: justify;\"><span style=\"font-weight: 400;\">El Curso de Doctorado requiere un m\u00ednimo de 32 (treinta y dos) cr\u00e9ditos cursados, con aprobaci\u00f3n y distribuidos de la siguiente manera:<\/span><\/p>\n<ol style=\"text-align: justify;\">\n<li><span style=\"font-weight: 400;\"> 16 (diecis\u00e9is) en asignaturas obligatorias;<\/span><\/li>\n<li><span style=\"font-weight: 400;\"> 16 (diecis\u00e9is) en asignaturas optativas.<\/span><\/li>\n<\/ol>\n<p style=\"text-align: justify;\"><span style=\"font-weight: 400;\">Al menos el 50% (cincuenta por ciento) de los cr\u00e9ditos en las asignaturas optativas deber\u00e1n cumplirse en el Programa de Posgrado en Comunicaci\u00f3n \/ UnB.<\/span><\/p>\n<p style=\"text-align: justify;\"><span style=\"font-weight: 400;\">El estudiante podr\u00e1 cursar cr\u00e9ditos en un dominio relacionado, que comprende todas las disciplinas de los Programas de Posgrado de la Universidad de Brasilia, as\u00ed como sus equivalentes en otras universidades, a criterio de la Comisi\u00f3n de Posgrado del Programa.<\/span><\/p>\n<p style=\"text-align: justify;\"><span style=\"font-weight: 400;\">Los cr\u00e9ditos relacionados con materias optativas pueden ser sustituidos por hasta 6 (seis) cr\u00e9ditos especiales siempre que el alumno realice, durante el per\u00edodo en el que se encuentre matriculado en el Programa, las siguientes actividades:<\/span><\/p>\n<ol style=\"text-align: justify;\">\n<li><span style=\"font-weight: 400;\"> obra completa, de autor\u00eda individual o en coautor\u00eda con el supervisor de la tesis, publicado en una revista nacional o internacional con calificaci\u00f3n Qualis, hasta dos cr\u00e9ditos;<\/span><\/li>\n<li><span style=\"font-weight: 400;\"> Cap\u00edtulo de libro de reconocido m\u00e9rito en el \u00e1rea de conocimiento, hasta dos cr\u00e9ditos;<\/span><\/li>\n<li><span style=\"font-weight: 400;\"> libro de m\u00e9rito reconocido en el \u00e1rea de conocimiento, hasta cuatro cr\u00e9ditos;<\/span><\/li>\n<li><span style=\"font-weight: 400;\"> publicaci\u00f3n de obra completa en anales de eventos cient\u00edficos, hasta un cr\u00e9dito.<\/span><\/li>\n<\/ol>\n<p style=\"text-align: justify;\"><span style=\"font-weight: 400;\">La adjudicaci\u00f3n de cr\u00e9ditos se basar\u00e1 en un an\u00e1lisis individual por la Comisi\u00f3n de Posgrado del Programa, que tendr\u00e1 en cuenta la relaci\u00f3n entre las actividades realizadas y el proyecto de tesis propuesto por el solicitante.<\/span><\/p>\n<p style=\"text-align: justify;\"><span style=\"font-weight: 400;\">El doctorando deber\u00e1 presenciar 4 (cuatro) defensas que pueden ser de titulaci\u00f3n (<\/span><span style=\"font-weight: 400;\">tesis de maestr\u00eda o tesis doctoral)<\/span><span style=\"font-weight: 400;\"> a lo largo del curso.<\/span><\/p>\n<p style=\"text-align: justify;\"><span style=\"font-weight: 400;\">En los semestres en los que el alumno se dedique a la elaboraci\u00f3n de su tesis doctoral, deber\u00e1 matricularse en Elaboraci\u00f3n de Trabajo Final (sin cr\u00e9ditos).<\/span><\/p>\n<p style=\"text-align: justify;\"><span style=\"font-weight: 400;\">La evaluaci\u00f3n parcial intermedia (en Brasil: Qualifica\u00e7\u00e3o) para el Curso de Doctorado es obligatorio y debe realizarse hasta el final del 4\u00ba semestre acad\u00e9mico.<\/span><\/p>\n<p style=\"text-align: justify;\"><span style=\"font-weight: 400;\">El alumno deber\u00e1 defender ese Proyecto de Tesis ante un Tribunal Examinador, el cual deber\u00e1 incluir: caracterizaci\u00f3n del tema de estudio, definici\u00f3n del problema, marco te\u00f3rico, hip\u00f3tesis de trabajo (en su caso), descripci\u00f3n de la metodolog\u00eda a utilizar y propuesta de cap\u00edtulo.<\/span><\/p>\n<p style=\"text-align: justify;\"><span style=\"font-weight: 400;\">El tribunal examinador es nombrado por la Comisi\u00f3n de Posgrado del Programa y est\u00e1 formada por el profesor supervisor del estudiante y otros dos profesores de doctorado o Notorious Sabre.<\/span><\/p>\n<p style=\"text-align: justify;\"><span style=\"font-weight: 400;\">La presidencia del tribunal examinador estar\u00e1 a cargo del profesor supervisor.<\/span><\/p>\n<p style=\"text-align: justify;\"><span style=\"font-weight: 400;\">El tribunal examinador debe contar con la participaci\u00f3n de un profesor externo al Programa.<\/span><\/p>\n<p style=\"text-align: justify;\"><span style=\"font-weight: 400;\">Los requisitos para obtener el Diploma de Doctor en Comunicaci\u00f3n son:<\/span><\/p>\n<ol style=\"text-align: justify;\">\n<li><span style=\"font-weight: 400;\"> El cumplimiento de los cr\u00e9ditos;<\/span><\/li>\n<li><span style=\"font-weight: 400;\"> Publicaci\u00f3n, en una revista cient\u00edfica clasificada en el Qualis del \u00c1rea de Comunicaci\u00f3n e Informaci\u00f3n de la CAPES, de dos art\u00edculos de autor\u00eda individual o en coautor\u00eda con el supervisor de la tesis, relacionados con el tema de la tesis, en el per\u00edodo anterior. a la fecha de la defensa de la tesis.<\/span><\/li>\n<\/ol>\n<p style=\"text-align: justify;\"><span style=\"font-weight: 400;\">El Tribunal de Tesis Doctoral estar\u00e1 presidida por el profesor supervisor, sin derecho a juicio, y estar\u00e1 integrada por otros tres miembros titulares y un suplente. Entre los miembros plenos, uno debe estar vinculado al Programa y los dem\u00e1s, externos, al menos uno de los cuales no est\u00e1 vinculado a la Universidad de Brasilia.<\/span><\/p>\n<p style=\"text-align: justify;\"><b>Reconocimiento de cr\u00e9ditos cursados<\/b><\/p>\n<p style=\"text-align: justify;\"><span style=\"font-weight: 400;\">Estudios relacionados con disciplinas, con aprobaci\u00f3n, en posgrados stricto sensu realizados en instituciones brasile\u00f1as o extranjeras, hasta el l\u00edmite del 40% (cuarenta por ciento) de los cr\u00e9ditos requeridos para la Maestr\u00eda y el 50% (cincuenta por ciento) de lo que se requiere para el Doctorado, mediante an\u00e1lisis de CPPG.<\/span><\/p>\n<p style=\"text-align: justify;\"><span style=\"font-weight: 400;\">El aprovechamiento de los estudios se basar\u00e1 en un an\u00e1lisis individual, que tendr\u00e1 en cuenta la relaci\u00f3n entre los objetivos de la <\/span><span style=\"font-weight: 400;\">tesis doctoral<\/span> <span style=\"font-weight: 400;\">(en Brasil: diserta\u00e7\u00e3o) y \/ o proyecto de tesis propuesto por el solicitante y su formaci\u00f3n previa.<\/span><\/p>\n<p style=\"text-align: justify;\"><span style=\"font-weight: 400;\">El aprovechamiento de los estudios se realizar\u00e1 en base a un informe propuesto por el profesor supervisor, quien lo remitir\u00e1 a la Comisi\u00f3n de Posgrado del Programa.<\/span><\/p>\n<p style=\"text-align: justify;\"><span style=\"font-weight: 400;\">El curso realizado, que tenga el mismo o equivalente contenido que el contenido de \u201cMetodolog\u00eda de Investigaci\u00f3n\u201d ofrecido por PPGCOM no estar\u00e1 sujeto a reconocimiento.<\/span><\/p>\n<p style=\"text-align: justify;\"><span style=\"font-weight: 400;\">En caso de aprobaci\u00f3n para el reingreso en los cursos de Maestr\u00eda y Doctorado, los estudiantes podr\u00e1n reutilizar las materias ya cursadas con aprobaci\u00f3n, a excepci\u00f3n de \u201cMetodolog\u00eda de la Investigaci\u00f3n\u201d, previo reconocimiento por la CPPG, en un intervalo m\u00e1ximo de 5 (cinco) a\u00f1os, en l\u00ednea con los est\u00e1ndares m\u00e1s altos en vigor.<\/span><\/p>\n","protected":false},"excerpt":{"rendered":"<p>R\u00e9gimen did\u00e1ctico de la Maestr\u00eda La Maestr\u00eda en Comunicaci\u00f3n debe concluirse, incluso con la defensa de la tesis de maestr\u00eda, en un m\u00ednimo de 12 y un m\u00e1ximo de 24 meses. La Maestr\u00eda requiere un m\u00ednimo de 24 (veinticuatro) cr\u00e9ditos para su cumplimiento, distribuidos de la siguiente manera: a. 12 (doce) en asignaturas obligatorias b. [&hellip;]<\/p>\n","protected":false},"author":2,"featured_media":40,"parent":0,"menu_order":0,"comment_status":"closed","ping_status":"closed","template":"","meta":{"spay_email":"","footnotes":""},"class_list":["post-96","page","type-page","status-publish","has-post-thumbnail","hentry","clearfix","post-index"],"_links":{"self":[{"href":"https:\/\/ppgcom.fac.unb.br\/es\/wp-json\/wp\/v2\/pages\/96","targetHints":{"allow":["GET"]}}],"collection":[{"href":"https:\/\/ppgcom.fac.unb.br\/es\/wp-json\/wp\/v2\/pages"}],"about":[{"href":"https:\/\/ppgcom.fac.unb.br\/es\/wp-json\/wp\/v2\/types\/page"}],"author":[{"embeddable":true,"href":"https:\/\/ppgcom.fac.unb.br\/es\/wp-json\/wp\/v2\/users\/2"}],"replies":[{"embeddable":true,"href":"https:\/\/ppgcom.fac.unb.br\/es\/wp-json\/wp\/v2\/comments?post=96"}],"version-history":[{"count":8,"href":"https:\/\/ppgcom.fac.unb.br\/es\/wp-json\/wp\/v2\/pages\/96\/revisions"}],"predecessor-version":[{"id":214,"href":"https:\/\/ppgcom.fac.unb.br\/es\/wp-json\/wp\/v2\/pages\/96\/revisions\/214"}],"wp:featuredmedia":[{"embeddable":true,"href":"https:\/\/ppgcom.fac.unb.br\/es\/wp-json\/wp\/v2\/media\/40"}],"wp:attachment":[{"href":"https:\/\/ppgcom.fac.unb.br\/es\/wp-json\/wp\/v2\/media?parent=96"}],"curies":[{"name":"wp","href":"https:\/\/api.w.org\/{rel}","templated":true}]}}