{"id":86,"date":"2021-04-07T17:15:59","date_gmt":"2021-04-07T20:15:59","guid":{"rendered":"http:\/\/ppgcom.fac.unb.br\/es\/?page_id=86"},"modified":"2021-04-15T21:02:33","modified_gmt":"2021-04-16T00:02:33","slug":"becas","status":"publish","type":"page","link":"https:\/\/ppgcom.fac.unb.br\/es\/becas\/","title":{"rendered":"Becas"},"content":{"rendered":"<p style=\"text-align: justify;\"><a href=\"http:\/\/ppgcom.fac.unb.br\/es\/wp-content\/uploads\/2021\/04\/ResolucaoBolsas012020_VersaoFinal_AposDPG.pdf\" target=\"_blank\" rel=\"noopener\"><span style=\"font-family: helvetica, arial, sans-serif; font-size: 10pt;\">Resoluci\u00f3n (PPG-FAC) N \u00b0 001\/2020 (Resoluci\u00f3n del comit\u00e9 de becas del programa de posgrado PPG-FAC)<\/span><\/a><\/p>\n<p style=\"text-align: justify;\"><span style=\"font-family: helvetica, arial, sans-serif; font-size: 10pt;\">ProMD \/ UnB \/ FAPDF &#8211; Becas de maestr\u00eda y doctorado 2015\/2016 (Aviso P\u00fablico del Programa) Beca 2015\/2016 Maestr\u00eda y Doctorado de la Universidad de Brasilia (UNB) \/ Fundaci\u00f3n de Apoyo a la Investigaci\u00f3n del Distrito Federal (FAPDF))<\/span><\/p>\n<p style=\"text-align: justify;\"><span style=\"font-family: helvetica, arial, sans-serif; font-size: 10pt;\">Resultado ProMD \/ UNB \/ FAPD (Estudiantes seleccionados para bolsas FAPDF)<\/span><\/p>\n<hr \/>\n<p style=\"text-align: justify;\"><span style=\"font-family: helvetica, arial, sans-serif; font-size: 10pt;\">Posgrado el Programa deen Comunicaci\u00f3n ofrece anualmente becas de incentivo para estudiantes de maestr\u00eda y doctorado de tres fuentes de financiaci\u00f3n: <strong>Capes, CNPq y Reuni<\/strong>.<\/span><\/p>\n<p style=\"text-align: justify;\"><span style=\"font-family: helvetica, arial, sans-serif; font-size: 10pt;\">Como el programa no cuenta con becas para todos los estudiantes, adopta criterios para la selecci\u00f3n de interesados \u200b\u200bde acuerdo a la deliberaci\u00f3n de la IV Reuni\u00f3n Colegiada del Programa de Postgrado en Comunicaci\u00f3n del 22\/06\/2005:<\/span><\/p>\n<p style=\"text-align: justify;\"><span style=\"font-family: helvetica, arial, sans-serif; font-size: 10pt;\">*Clasificaci\u00f3n en el Proceso de Selecci\u00f3n;<\/span><br \/>\n<span style=\"font-family: helvetica, arial, sans-serif; font-size: 10pt;\">*Dedicaci\u00f3n exclusiva al Programa;<\/span><br \/>\n<span style=\"font-family: helvetica, arial, sans-serif; font-size: 10pt;\">*Ausencia de empleo (solo permitido para la docencia con una remuneraci\u00f3n inferior al valor de la beca);<\/span><br \/>\n<span style=\"font-family: helvetica, arial, sans-serif; font-size: 10pt;\">*Mantenimiento del rendimiento acad\u00e9mico (menci\u00f3n arriba MM);<\/span><br \/>\n<span style=\"font-family: helvetica, arial, sans-serif; font-size: 10pt;\">*Candidatos de otro estado (sin residencia fija en Brasilia).<\/span><\/p>\n<p style=\"text-align: justify;\"><span style=\"font-family: helvetica, arial, sans-serif; font-size: 10pt;\"><strong>El programa requiere del estudiante de posgrado becado:<\/strong><\/span><\/p>\n<p><span style=\"font-family: helvetica, arial, sans-serif; font-size: 10pt;\">*plena dedicaci\u00f3n a las actividades del programa de posgrado;<\/span><br \/>\n<span style=\"font-family: helvetica, arial, sans-serif; font-size: 10pt;\">*demostrar un rendimiento acad\u00e9mico satisfactorio;<\/span><br \/>\n<span style=\"font-family: helvetica, arial, sans-serif; font-size: 10pt;\">*cuando est\u00e9 empleado, ser liberado de actividades profesionales sin percibir ingresos;<\/span><br \/>\n<span style=\"font-family: helvetica, arial, sans-serif; font-size: 10pt;\">*no tener ninguna relaci\u00f3n laboral con el programa;<\/span><br \/>\n<span style=\"font-family: helvetica, arial, sans-serif; font-size: 10pt;\">*realizar una pasant\u00eda docente;<\/span><br \/>\n<span style=\"font-family: helvetica, arial, sans-serif; font-size: 10pt;\">*no acumular la percepci\u00f3n de la beca con ning\u00fan tipo de ayuda o beca de otro programa de las agencias de desarrollo;<\/span><br \/>\n<span style=\"font-family: helvetica, arial, sans-serif; font-size: 10pt;\">*no ser estudiante en un programa de residencia m\u00e9dica;<\/span><br \/>\n<span style=\"font-family: helvetica, arial, sans-serif; font-size: 10pt;\">*no estar jubilado o en una situaci\u00f3n similar;<\/span><br \/>\n<span style=\"font-family: helvetica, arial, sans-serif; font-size: 10pt;\">*al momento de otorgarse la beca, estar en ejercicio del trabajo por un per\u00edodo no menor de veinte a\u00f1os o veinticuatro a\u00f1os para obtener la jubilaci\u00f3n voluntaria, seg\u00fan la beca de doctorado o maestr\u00eda, respectivamente;<\/span><br \/>\n<span style=\"font-family: helvetica, arial, sans-serif; font-size: 10pt;\">*el programa sea clasificado en el proceso de selecci\u00f3n;<\/span><br \/>\n<span style=\"font-family: helvetica, arial, sans-serif; font-size: 10pt;\">*Atenci\u00f3n: El estudiante de posgrado que perciba una remuneraci\u00f3n bruta por debajo del valor de la beca, debido a un v\u00ednculo funcional en el \u00e1rea de la educaci\u00f3n o la salud p\u00fablica, podr\u00e1 ser admitido como becario, siempre y cuando est\u00e9 totalmente liberado de la actividad profesional.<\/span><\/p>\n<p style=\"text-align: justify;\"><span style=\"font-family: helvetica, arial, sans-serif; font-size: 10pt;\"><strong>Duraci\u00f3n de las becas<\/strong><\/span><\/p>\n<p style=\"text-align: justify;\"><span style=\"font-family: helvetica, arial, sans-serif; font-size: 10pt;\">La beca se otorgar\u00e1 por un per\u00edodo de 12 (doce meses), renovable anualmente hasta alcanzar el l\u00edmite de 48 (cuarenta y ocho) para el doctorado, y 24 (veinticuatro) para la maestr\u00eda, si se cumplen las siguientes condiciones:<\/span><\/p>\n<p><span style=\"font-family: helvetica, arial, sans-serif; font-size: 10pt;\">*recomendaci\u00f3n de la Comisi\u00f3n de Posgrado, con base en la evaluaci\u00f3n del desempe\u00f1o acad\u00e9mico del estudiante de posgrado;<\/span><br \/>\n<span style=\"font-family: helvetica, arial, sans-serif; font-size: 10pt;\">*persistencia de las condiciones personales del becario, que dio lugar a la concesi\u00f3n anterior.<\/span><\/p>\n<p style=\"text-align: justify;\"><span style=\"font-family: helvetica, arial, sans-serif; font-size: 10pt;\"><strong>Suspensi\u00f3n de la beca<\/strong><\/span><\/p>\n<p style=\"text-align: justify;\"><span style=\"font-family: helvetica, arial, sans-serif; font-size: 10pt;\">El per\u00edodo m\u00e1ximo de suspensi\u00f3n de la beca, debidamente justificado, ser\u00e1 de hasta 18 (dieciocho) meses, y ocurrir\u00e1 en los siguientes casos:<\/span><\/p>\n<p><span style=\"font-family: helvetica, arial, sans-serif; font-size: 10pt;\">*hasta 6 (seis) meses, en el caso de enfermedad grave que impida la participaci\u00f3n del becario en las actividades del curso, o para el parto y la lactancia;<\/span><br \/>\n<span style=\"font-family: helvetica, arial, sans-serif; font-size: 10pt;\">*hasta 6 (seis) meses para maestr\u00eda y doce meses para doctorado s\u00e1ndwich, dentro del Programa PROCAD \/ CAPES;<\/span><br \/>\n<span style=\"font-family: helvetica, arial, sans-serif; font-size: 10pt;\">*hasta 18 (dieciocho) meses, para un becario de doctorado, que vaya a realizar una pasant\u00eda en el extranjero relacionada con su plan de estudios, con el apoyo de CAPES u otra Agencia.<\/span><\/p>\n<p style=\"text-align: justify;\"><span style=\"font-family: helvetica, arial, sans-serif; font-size: 10pt;\">La suspensi\u00f3n por las causas previstas no ser\u00e1 contabilizada durante la duraci\u00f3n de la beca.<\/span><\/p>\n<p style=\"text-align: justify;\"><span style=\"font-family: helvetica, arial, sans-serif; font-size: 10pt;\"><strong>Revocaci\u00f3n de la concesi\u00f3n<\/strong><\/span><\/p>\n<p style=\"text-align: justify;\"><span style=\"font-family: helvetica, arial, sans-serif; font-size: 10pt;\">Se revocar\u00e1 el otorgamiento de la beca, con el consiguiente reembolso de todas las cuotas mensuales y dem\u00e1s beneficios, en los siguientes casos:<\/span><\/p>\n<p><span style=\"font-family: helvetica, arial, sans-serif; font-size: 10pt;\">*si existe una omisi\u00f3n en la percepci\u00f3n de la remuneraci\u00f3n, cuando se requiera;<\/span><br \/>\n<span style=\"font-family: helvetica, arial, sans-serif; font-size: 10pt;\">*si se hace una declaraci\u00f3n falsa de que no hay apoyo de ning\u00fan tipo, por otra agencia;<\/span><br \/>\n<span style=\"font-family: helvetica, arial, sans-serif; font-size: 10pt;\">*si el becario cometiera alg\u00fan fraude, sin el cual la subvenci\u00f3n no se habr\u00eda producido.<\/span><\/p>\n<p style=\"text-align: justify;\"><span style=\"font-family: helvetica, arial, sans-serif; font-size: 10pt;\">La beca podr\u00e1 ser revocada en cualquier momento por incumplimiento de las normas, quedando el becario obligado a reembolsar la inversi\u00f3n realizada indebidamente a su favor, y no pudiendo recibir beneficios de las agencias financiadoras por un per\u00edodo de 5 (cinco) a\u00f1os, contados desde el conocimiento del hecho.<\/span><\/p>\n","protected":false},"excerpt":{"rendered":"<p>Resoluci\u00f3n (PPG-FAC) N \u00b0 001\/2020 (Resoluci\u00f3n del comit\u00e9 de becas del programa de posgrado PPG-FAC) ProMD \/ UnB \/ FAPDF &#8211; Becas de maestr\u00eda y doctorado 2015\/2016 (Aviso P\u00fablico del Programa) Beca 2015\/2016 Maestr\u00eda y Doctorado de la Universidad de Brasilia (UNB) \/ Fundaci\u00f3n de Apoyo a la Investigaci\u00f3n del Distrito Federal (FAPDF)) Resultado ProMD [&hellip;]<\/p>\n","protected":false},"author":4,"featured_media":7,"parent":0,"menu_order":0,"comment_status":"closed","ping_status":"closed","template":"","meta":{"spay_email":"","footnotes":""},"class_list":["post-86","page","type-page","status-publish","has-post-thumbnail","hentry","clearfix","post-index"],"_links":{"self":[{"href":"https:\/\/ppgcom.fac.unb.br\/es\/wp-json\/wp\/v2\/pages\/86","targetHints":{"allow":["GET"]}}],"collection":[{"href":"https:\/\/ppgcom.fac.unb.br\/es\/wp-json\/wp\/v2\/pages"}],"about":[{"href":"https:\/\/ppgcom.fac.unb.br\/es\/wp-json\/wp\/v2\/types\/page"}],"author":[{"embeddable":true,"href":"https:\/\/ppgcom.fac.unb.br\/es\/wp-json\/wp\/v2\/users\/4"}],"replies":[{"embeddable":true,"href":"https:\/\/ppgcom.fac.unb.br\/es\/wp-json\/wp\/v2\/comments?post=86"}],"version-history":[{"count":4,"href":"https:\/\/ppgcom.fac.unb.br\/es\/wp-json\/wp\/v2\/pages\/86\/revisions"}],"predecessor-version":[{"id":199,"href":"https:\/\/ppgcom.fac.unb.br\/es\/wp-json\/wp\/v2\/pages\/86\/revisions\/199"}],"wp:featuredmedia":[{"embeddable":true,"href":"https:\/\/ppgcom.fac.unb.br\/es\/wp-json\/wp\/v2\/media\/7"}],"wp:attachment":[{"href":"https:\/\/ppgcom.fac.unb.br\/es\/wp-json\/wp\/v2\/media?parent=86"}],"curies":[{"name":"wp","href":"https:\/\/api.w.org\/{rel}","templated":true}]}}