{"id":79,"date":"2021-04-07T16:21:11","date_gmt":"2021-04-07T19:21:11","guid":{"rendered":"http:\/\/ppgcom.fac.unb.br\/es\/?page_id=79"},"modified":"2021-04-19T22:47:23","modified_gmt":"2021-04-20T01:47:23","slug":"proceso-de-seleccion","status":"publish","type":"page","link":"https:\/\/ppgcom.fac.unb.br\/es\/proceso-de-seleccion\/","title":{"rendered":"Proceso de selecci\u00f3n"},"content":{"rendered":"<p style=\"text-align: center;\"><span style=\"font-size: 12pt;\"><strong>Proceso de selecci\u00f3n para maestr\u00edas acad\u00e9micas y doctorados <\/strong><strong>Admisi\u00f3n en <span style=\"color: #ff0000;\">2019<\/span><\/strong><\/span><\/p>\n<p style=\"text-align: justify;\"><span style=\"font-size: 12pt;\">Aprobaci\u00f3n de solicitudes para el convocatoria 01\/2019 para maestr\u00edas acad\u00e9micas y doctorados para candidatos residentes en el pa\u00eds<\/span><\/p>\n<ul>\n<li><span style=\"font-size: 12pt;\"><a href=\"http:\/\/ppgcom.fac.unb.br\/es\/wp-content\/uploads\/2021\/04\/resultado-final_0012019.pdf\" target=\"_blank\" rel=\"noopener\">Maestr\u00edas acad\u00e9micas y doctorados<\/a><\/span><\/li>\n<\/ul>\n<p style=\"text-align: justify;\"><span style=\"font-size: 12pt;\">Aprobaci\u00f3n de solicitudes para la convocatoria 02\/2019 para maestr\u00edas y doctorados acad\u00e9micos para candidatos residentes en el extranjero<\/span><\/p>\n<ul>\n<li><span style=\"font-size: 12pt;\"><a href=\"http:\/\/ppgcom.fac.unb.br\/es\/wp-content\/uploads\/2021\/04\/Homologacao-Mestrado-EditalExterior022019.pdf\" target=\"_blank\" rel=\"noopener\">Maestr\u00edas acad\u00e9micas<\/a><\/span><\/li>\n<li><span style=\"font-size: 12pt;\"><a href=\"http:\/\/ppgcom.fac.unb.br\/es\/wp-content\/uploads\/2021\/04\/Homologacao-Doutorado-EditalExterior022019.pdf\" target=\"_blank\" rel=\"noopener\">Doctorados<\/a><\/span><\/li>\n<\/ul>\n<hr \/>\n<p style=\"text-align: justify;\">Inscripci\u00f3n l\u00ednea disponible en: <a href=\"https:\/\/inscricaoposgraduacao.unb.br\/\" target=\"_blank\" rel=\"noopener\">https:\/\/inscricaoposgraduacao.unb.br\/<\/a><\/p>\n<hr \/>\n<p>&nbsp;<\/p>\n","protected":false},"excerpt":{"rendered":"<p>Proceso de selecci\u00f3n para maestr\u00edas acad\u00e9micas y doctorados Admisi\u00f3n en 2019 Aprobaci\u00f3n de solicitudes para el convocatoria 01\/2019 para maestr\u00edas acad\u00e9micas y doctorados para candidatos residentes en el pa\u00eds Maestr\u00edas acad\u00e9micas y doctorados Aprobaci\u00f3n de solicitudes para la convocatoria 02\/2019 para maestr\u00edas y doctorados acad\u00e9micos para candidatos residentes en el extranjero Maestr\u00edas acad\u00e9micas Doctorados Inscripci\u00f3n [&hellip;]<\/p>\n","protected":false},"author":2,"featured_media":13,"parent":0,"menu_order":0,"comment_status":"closed","ping_status":"closed","template":"","meta":{"spay_email":"","footnotes":""},"class_list":["post-79","page","type-page","status-publish","has-post-thumbnail","hentry","clearfix","post-index"],"_links":{"self":[{"href":"https:\/\/ppgcom.fac.unb.br\/es\/wp-json\/wp\/v2\/pages\/79","targetHints":{"allow":["GET"]}}],"collection":[{"href":"https:\/\/ppgcom.fac.unb.br\/es\/wp-json\/wp\/v2\/pages"}],"about":[{"href":"https:\/\/ppgcom.fac.unb.br\/es\/wp-json\/wp\/v2\/types\/page"}],"author":[{"embeddable":true,"href":"https:\/\/ppgcom.fac.unb.br\/es\/wp-json\/wp\/v2\/users\/2"}],"replies":[{"embeddable":true,"href":"https:\/\/ppgcom.fac.unb.br\/es\/wp-json\/wp\/v2\/comments?post=79"}],"version-history":[{"count":14,"href":"https:\/\/ppgcom.fac.unb.br\/es\/wp-json\/wp\/v2\/pages\/79\/revisions"}],"predecessor-version":[{"id":205,"href":"https:\/\/ppgcom.fac.unb.br\/es\/wp-json\/wp\/v2\/pages\/79\/revisions\/205"}],"wp:featuredmedia":[{"embeddable":true,"href":"https:\/\/ppgcom.fac.unb.br\/es\/wp-json\/wp\/v2\/media\/13"}],"wp:attachment":[{"href":"https:\/\/ppgcom.fac.unb.br\/es\/wp-json\/wp\/v2\/media?parent=79"}],"curies":[{"name":"wp","href":"https:\/\/api.w.org\/{rel}","templated":true}]}}