{"id":73,"date":"2021-04-07T15:46:01","date_gmt":"2021-04-07T18:46:01","guid":{"rendered":"http:\/\/ppgcom.fac.unb.br\/es\/?page_id=73"},"modified":"2021-04-19T16:13:56","modified_gmt":"2021-04-19T19:13:56","slug":"grupo-de-investigacion","status":"publish","type":"page","link":"https:\/\/ppgcom.fac.unb.br\/es\/grupo-de-investigacion\/","title":{"rendered":"Grupo de Investigaci\u00f3n"},"content":{"rendered":"<p style=\"text-align: justify;\">La vocaci\u00f3n por la investigaci\u00f3n puede estar avalada por la actuaci\u00f3n de los grupos de investigaci\u00f3n registrados en el CNPq, que se enumeran a continuaci\u00f3n, todos liderados por profesores titulares y colaboradores del Programa.<\/p>\n<hr \/>\n<p style=\"text-align: justify;\">Grupo de investigaci\u00f3n: <a href=\"http:\/\/ctpol.unb.br\/\" target=\"_blank\" rel=\"noopener\">Centro de Estudios en Comunicaci\u00f3n, Tecnolog\u00eda y Pol\u00edtica (CTPol)<\/a><br \/>\nL\u00edder (es): <a href=\"http:\/\/buscatextual.cnpq.br\/buscatextual\/visualizacv.do?id=K4760035H6\" target=\"_blank\" rel=\"noopener\">Sivaldo Pereira da Silva<\/a><\/p>\n<hr \/>\n<p style=\"text-align: justify;\">Grupo de investigaci\u00f3n: <a href=\"http:\/\/dgp.cnpq.br\/dgp\/espelhogrupo\/7198732560636841\" target=\"_blank\" rel=\"noopener\">Comunicaci\u00f3n Comunitaria y Ciudadan\u00eda<\/a><br \/>\nL\u00edder (es): <a href=\"http:\/\/buscatextual.cnpq.br\/buscatextual\/visualizacv.do?id=K4768512J6\" target=\"_blank\" rel=\"noopener\">Fernando Oliveira Paulino<\/a><\/p>\n<hr \/>\n<p style=\"text-align: justify;\">Grupo de investigaci\u00f3n: <a href=\"http:\/\/dgp.cnpq.br\/dgp\/espelhogrupo\/269343\" target=\"_blank\" rel=\"noopener\">Comunicaci\u00f3n y Producci\u00f3n Literaria<\/a><br \/>\nL\u00edder (es): <a href=\"http:\/\/buscatextual.cnpq.br\/buscatextual\/visualizacv.do?id=K4703874D5\" target=\"_blank\" rel=\"noopener\">Gustavo de Castro da Silva<\/a> y <a href=\"http:\/\/buscatextual.cnpq.br\/buscatextual\/visualizacv.do?id=K4139411T3\" target=\"_blank\" rel=\"noopener\">Pablo Gon\u00e7alo<\/a><\/p>\n<hr \/>\n<p style=\"text-align: justify;\">Grupo de investigaci\u00f3n: <a href=\"http:\/\/dgp.cnpq.br\/dgp\/espelhogrupo\/63647\" target=\"_blank\" rel=\"noopener\">Cultura, Medios y Pol\u00edtica<\/a><br \/>\nL\u00edder (es): <a href=\"http:\/\/buscatextual.cnpq.br\/buscatextual\/visualizacv.do?id=K4795707Z6\" target=\"_blank\" rel=\"noopener\">Liziane Soares Guazina<\/a> y <a href=\"http:\/\/buscatextual.cnpq.br\/buscatextual\/visualizacv.do?id=K4164288T0\" target=\"_blank\" rel=\"noopener\">Fernanda Casagrande Martinelli Lima Granja Xavier da Silva<\/a><\/p>\n<hr \/>\n<p style=\"text-align: justify;\">Grupo de investigaci\u00f3n: <a href=\"http:\/\/dgp.cnpq.br\/dgp\/espelhogrupo\/39727\" target=\"_blank\" rel=\"noopener\">Ambiente 33 &#8211; Especialidades, Comunicaci\u00f3n, Est\u00e9tica y Tecnolog\u00edas &#8211; UnB<\/a><br \/>\nL\u00edder (s): <a href=\"http:\/\/buscatextual.cnpq.br\/buscatextual\/visualizacv.do?id=K4792832H9\" target=\"_blank\" rel=\"noopener\">Tiago Quiroga Fausto Neto<\/a><\/p>\n<hr \/>\n<p style=\"text-align: justify;\">Grupo de investigaci\u00f3n: <a href=\"http:\/\/dgp.cnpq.br\/dgp\/espelhogrupo\/214443\" target=\"_blank\" rel=\"noopener\">Grupo de investigaci\u00f3n en Comunicaci\u00f3n Organizacional y Pensamiento Sist\u00e9mico &#8211; COMSiS<\/a><br \/>\nL\u00edder (es): <a href=\"http:\/\/buscatextual.cnpq.br\/buscatextual\/visualizacv.do?id=K4706277D2\" target=\"_blank\" rel=\"noopener\">Jo\u00e3o Jos\u00e9 Azevedo Curvello<\/a><\/p>\n<hr \/>\n<p style=\"text-align: justify;\">Grupo de investigaci\u00f3n: <a href=\"http:\/\/dgp.cnpq.br\/dgp\/espelhogrupo\/1107311015767819\" target=\"_blank\" rel=\"noopener\">Periodismo y Construcci\u00f3n Narrativa de la Historia del Presente<\/a><br \/>\nL\u00edder (es): Maria Jandyra Cavalcanti Cunha y <a href=\"http:\/\/lattes.cnpq.br\/8159141611308695\" target=\"_blank\" rel=\"noopener\">Celia Maria dos Santos Ladeira Mota<\/a><\/p>\n<hr \/>\n<p style=\"text-align: justify;\">Grupo de investigaci\u00f3n: Estudiantes de periodismo de todo el mundo &#8211; Grupo brasile\u00f1o<br \/>\nL\u00edder (es): <a href=\"http:\/\/buscatextual.cnpq.br\/buscatextual\/visualizacv.do?id=K4764896Z8\" target=\"_blank\" rel=\"noopener\">Fabio Henrique Pereira<\/a> y <a href=\"http:\/\/buscatextual.cnpq.br\/buscatextual\/visualizacv.do?id=K4704496A5\" target=\"_blank\" rel=\"noopener\">Claudia Irene de Quadros<\/a><\/p>\n<hr \/>\n<p style=\"text-align: justify;\">Grupo de investigaci\u00f3n: <a href=\"http:\/\/dgp.cnpq.br\/dgp\/espelhogrupo\/368610\" target=\"_blank\" rel=\"noopener\">Observatorio p\u00fablico de radiodifusi\u00f3n en Am\u00e9rica Latina<\/a><br \/>\nL\u00edder (es): <a href=\"http:\/\/buscatextual.cnpq.br\/buscatextual\/visualizacv.do?id=K4723388P7\" target=\"_blank\" rel=\"noopener\">Carlos Eduardo Machado da Costa Esch<\/a><\/p>\n<hr \/>\n<p style=\"text-align: justify;\">Grupo de investigaci\u00f3n: <a href=\"http:\/\/dgp.cnpq.br\/dgp\/espelhogrupo\/6366679869610306\" target=\"_blank\" rel=\"noopener\">Tecnolog\u00eda, Imagen y subjetividad<\/a><br \/>\nL\u00edder (es): <a href=\"http:\/\/lattes.cnpq.br\/2896428371985307\" target=\"_blank\" rel=\"noopener\">Claudia Guilmar Linhares Sanz<\/a><\/p>\n<hr \/>\n<p style=\"text-align: justify;\">Grupo de Investigaci\u00f3n: <a href=\"http:\/\/dgp.cnpq.br\/dgp\/espelhogrupo\/3871743868675362\" target=\"_blank\" rel=\"noopener\">N\u00facleo de Estudios de Semi\u00f3tica en Comunicaci\u00f3n<\/a><br \/>\nL\u00edder(es): <a href=\"http:\/\/buscatextual.cnpq.br\/buscatextual\/visualizacv.do?id=K4771953Z6\" target=\"_blank\" rel=\"noopener\">Pedro David Russi Duarte<\/a><\/p>\n","protected":false},"excerpt":{"rendered":"<p>La vocaci\u00f3n por la investigaci\u00f3n puede estar avalada por la actuaci\u00f3n de los grupos de investigaci\u00f3n registrados en el CNPq, que se enumeran a continuaci\u00f3n, todos liderados por profesores titulares y colaboradores del Programa. Grupo de investigaci\u00f3n: Centro de Estudios en Comunicaci\u00f3n, Tecnolog\u00eda y Pol\u00edtica (CTPol) L\u00edder (es): Sivaldo Pereira da Silva Grupo de investigaci\u00f3n: [&hellip;]<\/p>\n","protected":false},"author":4,"featured_media":38,"parent":0,"menu_order":0,"comment_status":"closed","ping_status":"closed","template":"","meta":{"spay_email":"","footnotes":""},"class_list":["post-73","page","type-page","status-publish","has-post-thumbnail","hentry","clearfix","post-index"],"_links":{"self":[{"href":"https:\/\/ppgcom.fac.unb.br\/es\/wp-json\/wp\/v2\/pages\/73","targetHints":{"allow":["GET"]}}],"collection":[{"href":"https:\/\/ppgcom.fac.unb.br\/es\/wp-json\/wp\/v2\/pages"}],"about":[{"href":"https:\/\/ppgcom.fac.unb.br\/es\/wp-json\/wp\/v2\/types\/page"}],"author":[{"embeddable":true,"href":"https:\/\/ppgcom.fac.unb.br\/es\/wp-json\/wp\/v2\/users\/4"}],"replies":[{"embeddable":true,"href":"https:\/\/ppgcom.fac.unb.br\/es\/wp-json\/wp\/v2\/comments?post=73"}],"version-history":[{"count":12,"href":"https:\/\/ppgcom.fac.unb.br\/es\/wp-json\/wp\/v2\/pages\/73\/revisions"}],"predecessor-version":[{"id":202,"href":"https:\/\/ppgcom.fac.unb.br\/es\/wp-json\/wp\/v2\/pages\/73\/revisions\/202"}],"wp:featuredmedia":[{"embeddable":true,"href":"https:\/\/ppgcom.fac.unb.br\/es\/wp-json\/wp\/v2\/media\/38"}],"wp:attachment":[{"href":"https:\/\/ppgcom.fac.unb.br\/es\/wp-json\/wp\/v2\/media?parent=73"}],"curies":[{"name":"wp","href":"https:\/\/api.w.org\/{rel}","templated":true}]}}