{"id":70,"date":"2021-04-07T15:40:36","date_gmt":"2021-04-07T18:40:36","guid":{"rendered":"http:\/\/ppgcom.fac.unb.br\/es\/?page_id=70"},"modified":"2021-04-07T17:36:22","modified_gmt":"2021-04-07T20:36:22","slug":"objetivos","status":"publish","type":"page","link":"https:\/\/ppgcom.fac.unb.br\/es\/objetivos\/","title":{"rendered":"Objetivos"},"content":{"rendered":"<p style=\"text-align: justify;\">El PPG-FAC siempre ha estado abierto a una visi\u00f3n amplia del fen\u00f3meno de la Comunicaci\u00f3n y, a trav\u00e9s de sus l\u00edneas de investigaci\u00f3n, orienta sus esfuerzos al conocimiento de los procesos derivados de las especificidades de nuestro campo acad\u00e9mico y las profesiones vinculadas a \u00e9l. Del periodismo a la pol\u00edtica y las pol\u00edticas; de la publicidad a la est\u00e9tica y la cultura de consumo; del cine a los lenguajes y narrativas; de la radio y la televisi\u00f3n al estudio de las tecnolog\u00edas, y de estas al complejo mundo contempor\u00e1neo fuertemente marcado, ahora evidente, un nuevo paradigma comunicacional de internet, el Programa busca estar en sinton\u00eda con las tendencias actuales.<\/p>\n<p style=\"text-align: justify;\">Por otro lado, el Programa encara el debate sobre la interdisciplinariedad y se atreve a transitar por \u00e1reas que representan objetos de estudio en el caso de la Comunicaci\u00f3n, arrojando luz sobre experiencias te\u00f3ricas, anal\u00edticas e interpretativas que permitan que la investigaci\u00f3n en curso alcance otros niveles en el desarrollo y difusi\u00f3n del conocimiento. Entendemos que la interdisciplinariedad y transdisciplinariedad, son elementos constitutivos de la identidad de nuestro Programa, ya que est\u00e1n relacionados con su Propuesta, con la Producci\u00f3n Cient\u00edfica de los integrantes, con las L\u00edneas de Investigaci\u00f3n y con el desarrollo de actividades futuras.<\/p>\n<p style=\"text-align: justify;\"><strong>Objetivos generales<\/strong><\/p>\n<p style=\"text-align: justify;\">Impulsar la formaci\u00f3n emancipadora, no restringi\u00e9ndose a la mera acci\u00f3n de otorgar t\u00edtulos de maestr\u00eda y doctorado, sino potenciar las oportunidades de expansi\u00f3n del pensamiento cr\u00edtico, reflexionar sobre el papel de la educaci\u00f3n de posgrado en la sociedad y asegurar el desarrollo de habilidades para aprender y orientar el aprendizaje consciente y esclarecedor. PPG-FAC \/ UnB entiende que la misi\u00f3n de cada programa de posgrado es producir nuevos conocimientos.<\/p>\n<p style=\"text-align: justify;\"><strong>Espec\u00edficas<\/strong><\/p>\n<p style=\"text-align: justify;\">1) Reafirmar el compromiso con el acto de pensar, estimulando el autodesarrollo, la b\u00fasqueda de la autonom\u00eda en la investigaci\u00f3n y la coherencia entre las actividades de docencia, investigaci\u00f3n y extensi\u00f3n en el campo de la Comunicaci\u00f3n;<\/p>\n<p style=\"text-align: justify;\">2) B\u00fasqueda de acciones innovadoras, con trascendencia social, cultural y econ\u00f3mica, enfocadas en beneficios para la sociedad, en conexi\u00f3n con el proyecto pol\u00edtico del pa\u00eds, la cultura y el desarrollo nacional, con educaci\u00f3n ampliada, emancipaci\u00f3n social e internacionalizaci\u00f3n;<\/p>\n<p style=\"text-align: justify;\">3) Articular las dimensiones reflexivas y emp\u00edricas con la vocaci\u00f3n multi, inter y transdisciplinar del \u00e1rea, en el sentido de la valoraci\u00f3n acad\u00e9mica y profesional de la Comunicaci\u00f3n, en sus diversas titulaciones;<\/p>\n<p style=\"text-align: justify;\">4) Contribuir a la calificaci\u00f3n, formaci\u00f3n y especializaci\u00f3n de docentes y estudiantes, poni\u00e9ndolos en contacto con otros programas de posgrado, otras instituciones y centros de investigaci\u00f3n en Brasil y en el exterior;<\/p>\n<p style=\"text-align: justify;\">5) Buscar la inserci\u00f3n e impacto del PPG-FAC a nivel regional y nacional, a trav\u00e9s de la excelencia en la investigaci\u00f3n y la docencia, colaborando con la calidad de la educaci\u00f3n brasile\u00f1a y la emancipaci\u00f3n social;<\/p>\n<p style=\"text-align: justify;\">6) Consolidar la producci\u00f3n de conocimiento en Comunicaci\u00f3n a nivel local, regional, nacional e internacional, fomentando la realizaci\u00f3n y participaci\u00f3n en eventos; producci\u00f3n intelectual, t\u00e9cnica y art\u00edstica regular y de alta calidad; la creaci\u00f3n y continuidad de los Grupos de Investigaci\u00f3n, as\u00ed como la puesta en com\u00fan y difusi\u00f3n del conocimiento resultante;<\/p>\n<p style=\"text-align: justify;\">7) Afrontar el desaf\u00edo de la internacionalizaci\u00f3n a trav\u00e9s de estrategias, acciones y procedimientos que puedan garantizar a docentes y estudiantes los beneficios del intercambio de conocimientos.<\/p>\n","protected":false},"excerpt":{"rendered":"<p>El PPG-FAC siempre ha estado abierto a una visi\u00f3n amplia del fen\u00f3meno de la Comunicaci\u00f3n y, a trav\u00e9s de sus l\u00edneas de investigaci\u00f3n, orienta sus esfuerzos al conocimiento de los procesos derivados de las especificidades de nuestro campo acad\u00e9mico y las profesiones vinculadas a \u00e9l. Del periodismo a la pol\u00edtica y las pol\u00edticas; de la [&hellip;]<\/p>\n","protected":false},"author":4,"featured_media":35,"parent":0,"menu_order":0,"comment_status":"closed","ping_status":"closed","template":"","meta":{"spay_email":"","footnotes":""},"class_list":["post-70","page","type-page","status-publish","has-post-thumbnail","hentry","clearfix","post-index"],"_links":{"self":[{"href":"https:\/\/ppgcom.fac.unb.br\/es\/wp-json\/wp\/v2\/pages\/70","targetHints":{"allow":["GET"]}}],"collection":[{"href":"https:\/\/ppgcom.fac.unb.br\/es\/wp-json\/wp\/v2\/pages"}],"about":[{"href":"https:\/\/ppgcom.fac.unb.br\/es\/wp-json\/wp\/v2\/types\/page"}],"author":[{"embeddable":true,"href":"https:\/\/ppgcom.fac.unb.br\/es\/wp-json\/wp\/v2\/users\/4"}],"replies":[{"embeddable":true,"href":"https:\/\/ppgcom.fac.unb.br\/es\/wp-json\/wp\/v2\/comments?post=70"}],"version-history":[{"count":2,"href":"https:\/\/ppgcom.fac.unb.br\/es\/wp-json\/wp\/v2\/pages\/70\/revisions"}],"predecessor-version":[{"id":90,"href":"https:\/\/ppgcom.fac.unb.br\/es\/wp-json\/wp\/v2\/pages\/70\/revisions\/90"}],"wp:featuredmedia":[{"embeddable":true,"href":"https:\/\/ppgcom.fac.unb.br\/es\/wp-json\/wp\/v2\/media\/35"}],"wp:attachment":[{"href":"https:\/\/ppgcom.fac.unb.br\/es\/wp-json\/wp\/v2\/media?parent=70"}],"curies":[{"name":"wp","href":"https:\/\/api.w.org\/{rel}","templated":true}]}}