{"id":68,"date":"2021-04-07T15:34:38","date_gmt":"2021-04-07T18:34:38","guid":{"rendered":"http:\/\/ppgcom.fac.unb.br\/es\/?page_id=68"},"modified":"2021-04-08T10:08:36","modified_gmt":"2021-04-08T13:08:36","slug":"area-de-concentracion","status":"publish","type":"page","link":"https:\/\/ppgcom.fac.unb.br\/es\/area-de-concentracion\/","title":{"rendered":"\u00c1rea de concentraci\u00f3n"},"content":{"rendered":"<p style=\"text-align: justify;\">El \u00e1rea de concentraci\u00f3n del Posgrado en Comunicaci\u00f3n es articulada en dos esferas de conocimiento: <strong>Comunicaci\u00f3n y Sociedad<\/strong>, y tiene como objetivo investigar las pr\u00e1cticas, procesos, productos, instituciones y tecnolog\u00edas en el campo de la Comunicaci\u00f3n como sus relaciones con los \u00e1mbitos pol\u00edticos, econ\u00f3micos y los aspectos culturales de la sociedad contempor\u00e1nea. El PPG-FAC est\u00e1, por lo tanto, plenamente incorporado en el amplio \u00e1mbito de la Comunicaci\u00f3n y la Informaci\u00f3n, que re\u00fane conocimientos, acciones y reflexiones de car\u00e1cter estrat\u00e9gico, teniendo en cuenta la importancia de los procesos medi\u00e1ticos, comunicativos e informativos en el mundo actual.<\/p>\n","protected":false},"excerpt":{"rendered":"<p>El \u00e1rea de concentraci\u00f3n del Posgrado en Comunicaci\u00f3n es articulada en dos esferas de conocimiento: Comunicaci\u00f3n y Sociedad, y tiene como objetivo investigar las pr\u00e1cticas, procesos, productos, instituciones y tecnolog\u00edas en el campo de la Comunicaci\u00f3n como sus relaciones con los \u00e1mbitos pol\u00edticos, econ\u00f3micos y los aspectos culturales de la sociedad contempor\u00e1nea. El PPG-FAC est\u00e1, [&hellip;]<\/p>\n","protected":false},"author":4,"featured_media":18,"parent":0,"menu_order":0,"comment_status":"closed","ping_status":"closed","template":"","meta":{"spay_email":"","footnotes":""},"class_list":["post-68","page","type-page","status-publish","has-post-thumbnail","hentry","clearfix","post-index"],"_links":{"self":[{"href":"https:\/\/ppgcom.fac.unb.br\/es\/wp-json\/wp\/v2\/pages\/68","targetHints":{"allow":["GET"]}}],"collection":[{"href":"https:\/\/ppgcom.fac.unb.br\/es\/wp-json\/wp\/v2\/pages"}],"about":[{"href":"https:\/\/ppgcom.fac.unb.br\/es\/wp-json\/wp\/v2\/types\/page"}],"author":[{"embeddable":true,"href":"https:\/\/ppgcom.fac.unb.br\/es\/wp-json\/wp\/v2\/users\/4"}],"replies":[{"embeddable":true,"href":"https:\/\/ppgcom.fac.unb.br\/es\/wp-json\/wp\/v2\/comments?post=68"}],"version-history":[{"count":1,"href":"https:\/\/ppgcom.fac.unb.br\/es\/wp-json\/wp\/v2\/pages\/68\/revisions"}],"predecessor-version":[{"id":69,"href":"https:\/\/ppgcom.fac.unb.br\/es\/wp-json\/wp\/v2\/pages\/68\/revisions\/69"}],"wp:featuredmedia":[{"embeddable":true,"href":"https:\/\/ppgcom.fac.unb.br\/es\/wp-json\/wp\/v2\/media\/18"}],"wp:attachment":[{"href":"https:\/\/ppgcom.fac.unb.br\/es\/wp-json\/wp\/v2\/media?parent=68"}],"curies":[{"name":"wp","href":"https:\/\/api.w.org\/{rel}","templated":true}]}}