{"id":66,"date":"2021-04-07T15:29:25","date_gmt":"2021-04-07T18:29:25","guid":{"rendered":"http:\/\/ppgcom.fac.unb.br\/es\/?page_id=66"},"modified":"2021-04-07T17:35:29","modified_gmt":"2021-04-07T20:35:29","slug":"historia","status":"publish","type":"page","link":"https:\/\/ppgcom.fac.unb.br\/es\/historia\/","title":{"rendered":"Historia"},"content":{"rendered":"<p style=\"text-align: justify;\">El Programa de Posgrado en Comunicaci\u00f3n de la Facultad de Comunicaci\u00f3n de la Universidad de Brasilia (PPG \/ FAC \/ UnB) completar\u00e1, en el 2024, 50 a\u00f1os de actividades ininterrumpidas de formaci\u00f3n e investigaci\u00f3n de excelencia en el \u00e1rea. Con una Maestr\u00eda consolidada, activa desde 1974, y un Doctorado de alto nivel, iniciado en 2003, el PPG \/ FAC \/ UnB, por su ubicaci\u00f3n central, ha marcado su desempe\u00f1o con una fuerte inserci\u00f3n regional, nacional e internacional y por la formaci\u00f3n calificada para la docencia, investigaci\u00f3n y extensi\u00f3n, principalmente a las regiones Centro Oeste y Norte.<\/p>\n<p style=\"text-align: justify;\">La Universidad de Brasilia (UnB) es la universidad m\u00e1s grande del Centro Oeste y una de las mayores del Brasil, con alrededor de 39 mil estudiantes de grado, m\u00e1s de 8 mil estudiantes de maestr\u00eda y doctorado, y m\u00e1s de 2.8 mil profesores (seg\u00fan el anuario estad\u00edstico de 2017).<\/p>\n<p style=\"text-align: justify;\">Una Universidad marcadamente democr\u00e1tica e inclusiva (hace 15 a\u00f1os, la UnB fue la primera Universidad Federal en adoptar un sistema de cuotas raciales), la UnB se constituye en un amplio entorno de convivencia e intercambio de conocimientos como idealizado e implementado por Darcy Ribeiro, An\u00edsio Teixeira, L\u00facio Costa y Oscar Niemeyer.<\/p>\n<p style=\"text-align: justify;\">PPG-FAC \/ UnB naci\u00f3 sobre tres puntos esenciales: 1) pionero en la propuesta y m\u00e9todos de ense\u00f1anza, con un fuerte componente de innovaci\u00f3n; 2) preocupaci\u00f3n por la investigaci\u00f3n y producci\u00f3n de conocimiento, y por la formaci\u00f3n de personal acad\u00e9mico-cient\u00edfico; y 3) internacionalizaci\u00f3n. Este tr\u00edpode vendr\u00eda de la propia trayectoria de FAC-UnB y ser\u00eda una de las singularidades que hoy se consolidan en el Posgrado.<\/p>\n<p style=\"text-align: justify;\">El Programa de Postgrado en Comunicaci\u00f3n (PPF \/ FAC \/ UnB), en base a sus l\u00edneas de investigaci\u00f3n, reconoce el protagonismo en los estudios de Comunicaci\u00f3n y Sociedad, con \u00e9nfasis en epistemolog\u00eda, teor\u00edas y tecnolog\u00edas de la comunicaci\u00f3n, pol\u00edticas de comunicaci\u00f3n y de cultura (de la que es pionero en Brasil), periodismo (con un enfoque actualizado en las transformaciones estructurales) y estudios de lenguajes y narrativas.<\/p>\n<p style=\"text-align: justify;\">Durante los 47 a\u00f1os de actividad de la Maestr\u00eda y los 18 de existencia del Doctorado, PPG \/ FAC \/ UnB capacit\u00f3 a 542 Mag\u00edsteres y 127 Doctores.<\/p>\n","protected":false},"excerpt":{"rendered":"<p>El Programa de Posgrado en Comunicaci\u00f3n de la Facultad de Comunicaci\u00f3n de la Universidad de Brasilia (PPG \/ FAC \/ UnB) completar\u00e1, en el 2024, 50 a\u00f1os de actividades ininterrumpidas de formaci\u00f3n e investigaci\u00f3n de excelencia en el \u00e1rea. Con una Maestr\u00eda consolidada, activa desde 1974, y un Doctorado de alto nivel, iniciado en 2003, [&hellip;]<\/p>\n","protected":false},"author":4,"featured_media":19,"parent":0,"menu_order":0,"comment_status":"closed","ping_status":"closed","template":"","meta":{"spay_email":"","footnotes":""},"class_list":["post-66","page","type-page","status-publish","has-post-thumbnail","hentry","clearfix","post-index"],"_links":{"self":[{"href":"https:\/\/ppgcom.fac.unb.br\/es\/wp-json\/wp\/v2\/pages\/66","targetHints":{"allow":["GET"]}}],"collection":[{"href":"https:\/\/ppgcom.fac.unb.br\/es\/wp-json\/wp\/v2\/pages"}],"about":[{"href":"https:\/\/ppgcom.fac.unb.br\/es\/wp-json\/wp\/v2\/types\/page"}],"author":[{"embeddable":true,"href":"https:\/\/ppgcom.fac.unb.br\/es\/wp-json\/wp\/v2\/users\/4"}],"replies":[{"embeddable":true,"href":"https:\/\/ppgcom.fac.unb.br\/es\/wp-json\/wp\/v2\/comments?post=66"}],"version-history":[{"count":1,"href":"https:\/\/ppgcom.fac.unb.br\/es\/wp-json\/wp\/v2\/pages\/66\/revisions"}],"predecessor-version":[{"id":67,"href":"https:\/\/ppgcom.fac.unb.br\/es\/wp-json\/wp\/v2\/pages\/66\/revisions\/67"}],"wp:featuredmedia":[{"embeddable":true,"href":"https:\/\/ppgcom.fac.unb.br\/es\/wp-json\/wp\/v2\/media\/19"}],"wp:attachment":[{"href":"https:\/\/ppgcom.fac.unb.br\/es\/wp-json\/wp\/v2\/media?parent=66"}],"curies":[{"name":"wp","href":"https:\/\/api.w.org\/{rel}","templated":true}]}}