{"id":174,"date":"2021-04-15T17:41:09","date_gmt":"2021-04-15T20:41:09","guid":{"rendered":"http:\/\/ppgcom.fac.unb.br\/es\/?page_id=174"},"modified":"2021-04-15T19:30:21","modified_gmt":"2021-04-15T22:30:21","slug":"cuerpo-docente","status":"publish","type":"page","link":"https:\/\/ppgcom.fac.unb.br\/es\/cuerpo-docente\/","title":{"rendered":"Cuerpo Docente"},"content":{"rendered":"<table>\r\n<tbody>\r\n<tr>\r\n<td style=\"text-align: center;\" colspan=\"3\"><span style=\"font-size: 10pt;\"><strong>L\u00ednea de Investigaci\u00f3n: Imagen, Est\u00e9tica y Cultura Contempor\u00e1nea<\/strong><\/span><\/td>\r\n<\/tr>\r\n<tr>\r\n<td><span style=\"font-size: 8pt;\">Cl\u00e1udia Guilmar Linhares Sanz<\/span><\/td>\r\n<td><span style=\"font-size: 8pt;\">claudiasanz@terra.com.br<\/span><\/td>\r\n<td><span style=\"font-size: 8pt;\"><a href=\"http:\/\/lattes.cnpq.br\/2896428371985307\">http:\/\/lattes.cnpq.br\/2896428371985307<\/a><\/span><\/td>\r\n<\/tr>\r\n<tr>\r\n<td><span style=\"font-size: 8pt;\">Fab\u00edola Orlando Calazans Machado<\/span><\/td>\r\n<td><span style=\"font-size: 8pt;\">fabiola.calazans@gmail.com<\/span><\/td>\r\n<td><span style=\"font-size: 8pt;\"><a href=\"http:\/\/lattes.cnpq.br\/8248317960549628\"> http:\/\/lattes.cnpq.br\/8248317960549628<\/a><\/span><\/td>\r\n<\/tr>\r\n<tr>\r\n<td><span style=\"font-size: 8pt;\">Gabriela Pereira de Freitas<\/span><\/td>\r\n<td><span style=\"font-size: 8pt;\">gabriela.freitas@gmail.com<\/span><\/td>\r\n<td><span style=\"font-size: 8pt;\"><a href=\"http:\/\/lattes.cnpq.br\/4136487431351369\">http:\/\/lattes.cnpq.br\/4136487431351369<\/a><\/span><\/td>\r\n<\/tr>\r\n<tr>\r\n<td><span style=\"font-size: 8pt;\">Gustavo de Castro da Silva<\/span><\/td>\r\n<td><span style=\"font-size: 8pt;\">gustavocastroesilva@gmail.com<\/span><\/td>\r\n<td><span style=\"font-size: 8pt;\"><a href=\"http:\/\/lattes.cnpq.br\/8544052996023384\">http:\/\/lattes.cnpq.br\/8544052996023384<\/a><\/span><\/td>\r\n<\/tr>\r\n<tr>\r\n<td><span style=\"font-size: 8pt;\">Pedro David Russi Duarte<\/span><\/td>\r\n<td><span style=\"font-size: 8pt;\">pedrorussi@gmail.com<\/span><\/td>\r\n<td><span style=\"font-size: 8pt;\"><a href=\"http:\/\/lattes.cnpq.br\/4934357600267996\"> http:\/\/lattes.cnpq.br\/4934357600267996<\/a><\/span><\/td>\r\n<\/tr>\r\n<tr>\r\n<td><span style=\"font-size: 8pt;\">Susana Madeira Dobal Jordan<\/span><\/td>\r\n<td><span style=\"font-size: 8pt;\">sudobal@gmail.com<\/span><\/td>\r\n<td><span style=\"font-size: 8pt;\"><a href=\"http:\/\/lattes.cnpq.br\/5063008053842213\">http:\/\/lattes.cnpq.br\/5063008053842213<\/a><\/span><\/td>\r\n<\/tr>\r\n<tr>\r\n<td><span style=\"font-size: 8pt;\">Tiago Quiroga Fausto Neto<\/span><\/td>\r\n<td><span style=\"font-size: 8pt;\">tagorj@terra.com.br<\/span><\/td>\r\n<td><span style=\"font-size: 8pt;\"><a href=\"http:\/\/lattes.cnpq.br\/3473491577219521\"> http:\/\/lattes.cnpq.br\/3473491577219521<\/a><\/span><\/td>\r\n<\/tr>\r\n<tr>\r\n<td style=\"text-align: center;\" colspan=\"3\"><span style=\"font-size: 10pt;\"><strong>L\u00ednea de Investigaci\u00f3n: Poder y Procesos Comunicacionales<\/strong><\/span><\/td>\r\n<\/tr>\r\n<tr>\r\n<td><span style=\"font-size: 8pt;\">C\u00e9lia Maria dos Santos Ladeira Mota<\/span><\/td>\r\n<td><span style=\"font-size: 8pt;\">cladmota@gmail.com<\/span><\/td>\r\n<td><span style=\"font-size: 8pt;\"><a href=\"http:\/\/lattes.cnpq.br\/8159141611308695\">http:\/\/lattes.cnpq.br\/8159141611308695<\/a><\/span><\/td>\r\n<\/tr>\r\n<tr>\r\n<td><span style=\"font-size: 8pt;\">Christiana Soares de Freitas<\/span><\/td>\r\n<td><span style=\"font-size: 8pt;\">freitas.christiana@gmail.com<\/span><\/td>\r\n<td><span style=\"font-size: 8pt;\"><a href=\"http:\/\/lattes.cnpq.br\/5250541522722172\"> http:\/\/lattes.cnpq.br\/5250541522722172<\/a><\/span><\/td>\r\n<\/tr>\r\n<tr>\r\n<td><span style=\"font-size: 8pt;\">Dione Oliveira Moura<\/span><\/td>\r\n<td><span style=\"font-size: 8pt;\">dioneoliveiramoura@gmail.com<\/span><\/td>\r\n<td><span style=\"font-size: 8pt;\"><a href=\"http:\/\/lattes.cnpq.br\/0796700383761856\">http:\/\/lattes.cnpq.br\/0796700383761856<\/a><\/span><\/td>\r\n<\/tr>\r\n<tr>\r\n<td><span style=\"font-size: 8pt;\">F\u00e1bio Henrique Pereira<\/span><\/td>\r\n<td><span style=\"font-size: 8pt;\">fabiop@gmail.com<\/span><\/td>\r\n<td><span style=\"font-size: 8pt;\"><a href=\"http:\/\/lattes.cnpq.br\/3713755920970596\">http:\/\/lattes.cnpq.br\/3713755920970596<\/a><\/span><\/td>\r\n<\/tr>\r\n<tr>\r\n<td><span style=\"font-size: 8pt;\">Fernanda Casagrande Martinelli Lima Granja Xavier da Silva<\/span><\/td>\r\n<td><span style=\"font-size: 8pt;\">nandamartineli@yahoo.com.br<\/span><\/td>\r\n<td><span style=\"font-size: 8pt;\"><a href=\"http:\/\/lattes.cnpq.br\/3740273640162328\">http:\/\/lattes.cnpq.br\/3740273640162328<\/a><\/span><\/td>\r\n<\/tr>\r\n<tr>\r\n<td><span style=\"font-size: 8pt;\">Fernando Oliveira Paulino<\/span><\/td>\r\n<td><span style=\"font-size: 8pt;\">fopaulino@gmail.com<\/span><\/td>\r\n<td><span style=\"font-size: 8pt;\"><a href=\"http:\/\/lattes.cnpq.br\/2907708501435465\">http:\/\/lattes.cnpq.br\/2907708501435465<\/a><\/span><\/td>\r\n<\/tr>\r\n<tr>\r\n<td><span style=\"font-size: 8pt;\">Jo\u00e3o Jos\u00e9 Azevedo Curvello<\/span><\/td>\r\n<td><span style=\"font-size: 8pt;\">joaocurvello@unb.br<\/span><\/td>\r\n<td><span style=\"font-size: 8pt;\"><a href=\"http:\/\/lattes.cnpq.br\/9619198358975318\"> http:\/\/lattes.cnpq.br\/9619198358975318<\/a><\/span><\/td>\r\n<\/tr>\r\n<tr>\r\n<td><span style=\"font-size: 8pt;\">Liliane Maria Macedo Machado<\/span><\/td>\r\n<td><span style=\"font-size: 8pt;\">profliliane@globo.com<\/span><\/td>\r\n<td><span style=\"font-size: 8pt;\"><a href=\"http:\/\/lattes.cnpq.br\/4419127208068044\">http:\/\/lattes.cnpq.br\/4419127208068044<\/a><\/span><\/td>\r\n<\/tr>\r\n<tr>\r\n<td><span style=\"font-size: 8pt;\">Liziane Soares Guazina<\/span><\/td>\r\n<td><span style=\"font-size: 8pt;\">liziane.g@uol.com.br<\/span><\/td>\r\n<td><span style=\"font-size: 8pt;\"><a href=\"http:\/\/lattes.cnpq.br\/6331316797695305\">http:\/\/lattes.cnpq.br\/6331316797695305<\/a><\/span><\/td>\r\n<\/tr>\r\n<tr>\r\n<td><span style=\"font-size: 8pt;\">N\u00e9lia Rodrigues Del Bianco<\/span><\/td>\r\n<td><span style=\"font-size: 8pt;\">nbianco@uol.com.br<\/span><\/td>\r\n<td><span style=\"font-size: 8pt;\"><a href=\"http:\/\/lattes.cnpq.br\/3708240583479831\">http:\/\/lattes.cnpq.br\/3708240583479831<\/a><\/span><\/td>\r\n<\/tr>\r\n<tr>\r\n<td><span style=\"font-size: 8pt;\">Sivaldo Pereira da Silva<\/span><\/td>\r\n<td><span style=\"font-size: 8pt;\">sivaldop@gmail.com<\/span><\/td>\r\n<td><span style=\"font-size: 8pt;\"><a href=\"http:\/\/lattes.cnpq.br\/6885446939439927\">http:\/\/lattes.cnpq.br\/6885446939439927<\/a><\/span><\/td>\r\n<\/tr>\r\n<tr>\r\n<td style=\"text-align: center;\" colspan=\"3\"><span style=\"font-size: 10pt;\"><strong>Profesor Visitante<\/strong><\/span><\/td>\r\n<\/tr>\r\n<tr>\r\n<td><span style=\"font-size: 8pt;\">Eduardo Barreto Vianna Meditsch<\/span><\/td>\r\n<td><span style=\"font-size: 8pt;\">emeditsch@gmail.com<\/span><\/td>\r\n<td><span style=\"font-size: 8pt;\"><a href=\"http:\/\/lattes.cnpq.br\/9884506958589514\">http:\/\/lattes.cnpq.br\/9884506958589514<\/a><\/span><\/td>\r\n<\/tr>\r\n<\/tbody>\r\n<\/table>\r\n<p><span style=\"font-size: 8pt;\"><\/span><\/p>","protected":false},"excerpt":{"rendered":"<p>L\u00ednea de Investigaci\u00f3n: Imagen, Est\u00e9tica y Cultura Contempor\u00e1nea Cl\u00e1udia Guilmar Linhares Sanz claudiasanz@terra.com.br http:\/\/lattes.cnpq.br\/2896428371985307 Fab\u00edola Orlando Calazans Machado fabiola.calazans@gmail.com http:\/\/lattes.cnpq.br\/8248317960549628 Gabriela Pereira de Freitas gabriela.freitas@gmail.com http:\/\/lattes.cnpq.br\/4136487431351369 Gustavo de Castro da Silva gustavocastroesilva@gmail.com http:\/\/lattes.cnpq.br\/8544052996023384 Pedro David Russi Duarte pedrorussi@gmail.com http:\/\/lattes.cnpq.br\/4934357600267996 Susana Madeira Dobal Jordan sudobal@gmail.com http:\/\/lattes.cnpq.br\/5063008053842213 Tiago Quiroga Fausto Neto tagorj@terra.com.br http:\/\/lattes.cnpq.br\/3473491577219521 L\u00ednea de Investigaci\u00f3n: Poder [&hellip;]<\/p>\n","protected":false},"author":2,"featured_media":180,"parent":0,"menu_order":0,"comment_status":"closed","ping_status":"closed","template":"","meta":{"spay_email":"","footnotes":""},"class_list":["post-174","page","type-page","status-publish","has-post-thumbnail","hentry","clearfix","post-index"],"_links":{"self":[{"href":"https:\/\/ppgcom.fac.unb.br\/es\/wp-json\/wp\/v2\/pages\/174","targetHints":{"allow":["GET"]}}],"collection":[{"href":"https:\/\/ppgcom.fac.unb.br\/es\/wp-json\/wp\/v2\/pages"}],"about":[{"href":"https:\/\/ppgcom.fac.unb.br\/es\/wp-json\/wp\/v2\/types\/page"}],"author":[{"embeddable":true,"href":"https:\/\/ppgcom.fac.unb.br\/es\/wp-json\/wp\/v2\/users\/2"}],"replies":[{"embeddable":true,"href":"https:\/\/ppgcom.fac.unb.br\/es\/wp-json\/wp\/v2\/comments?post=174"}],"version-history":[{"count":4,"href":"https:\/\/ppgcom.fac.unb.br\/es\/wp-json\/wp\/v2\/pages\/174\/revisions"}],"predecessor-version":[{"id":179,"href":"https:\/\/ppgcom.fac.unb.br\/es\/wp-json\/wp\/v2\/pages\/174\/revisions\/179"}],"wp:featuredmedia":[{"embeddable":true,"href":"https:\/\/ppgcom.fac.unb.br\/es\/wp-json\/wp\/v2\/media\/180"}],"wp:attachment":[{"href":"https:\/\/ppgcom.fac.unb.br\/es\/wp-json\/wp\/v2\/media?parent=174"}],"curies":[{"name":"wp","href":"https:\/\/api.w.org\/{rel}","templated":true}]}}