{"id":104,"date":"2021-04-07T19:17:46","date_gmt":"2021-04-07T22:17:46","guid":{"rendered":"http:\/\/ppgcom.fac.unb.br\/es\/?page_id=104"},"modified":"2021-04-08T10:03:48","modified_gmt":"2021-04-08T13:03:48","slug":"post-doctoral","status":"publish","type":"page","link":"https:\/\/ppgcom.fac.unb.br\/es\/post-doctoral\/","title":{"rendered":"Post-doctoral"},"content":{"rendered":"<p style=\"text-align: justify;\">Atrav\u00e9s de las solicitudes, en un flujo continuo, la Colegiata de PPG-FAC analizar\u00e1 las solicitudes de admisi\u00f3n y certificaci\u00f3n de Brasil y los investigadores extranjeros en la etapa post-doctoral.<\/p>\n<p style=\"text-align: justify;\">Se aceptar\u00e1n investigadores en pr\u00e1cticas con beca otorgada por una agencia financiadora o que perciban una retribuci\u00f3n de la instituci\u00f3n con la que mantienen su empleo.<\/p>\n<p style=\"text-align: justify;\">Los investigadores aceptados contar\u00e1n con un supervisor, quien deber\u00e1 ser profesor de PPG-FAC acreditado para orientar doctorados, tener productividad reconocida y tener afinidad con el \u00e1rea de conocimiento en la que se lleva a cabo el proyecto.<\/p>\n<p style=\"text-align: justify;\">Los candidatos deben presentar un proyecto de investigaci\u00f3n y un Curr\u00edculum Lattes.<\/p>\n<p style=\"text-align: justify;\">El investigador postdoctoral debe registrarse como investigador colaborador junior o pleno, en los t\u00e9rminos de la Resoluci\u00f3n CEPE 0171\/2006.<\/p>\n<p style=\"text-align: justify;\">Al final de la encuesta, los candidatos deben presentar un Informe Final acompa\u00f1ado de la opini\u00f3n de su supervisor para su aprobaci\u00f3n por parte de la CPPG.<\/p>\n<p style=\"text-align: justify;\">En 2018, el Programa acogi\u00f3 a nueve estudiantes postdoctorales supervisados \u200b\u200bpor la facultad (Alexandre Kieling &#8211; UCB &#8211; Carlos Eduardo Esch; Angela Teixeira de Moraes &#8211; UFG &#8211; Liliane Machado; Edileuza Penha de Souza &#8211; Unb &#8211; Elen Cristina Geraldes; Florence Le Cam ( Becario PNPD \/ CAPES) &#8211; Universit\u00e9 Libre de Bruxellas &#8211; F\u00e1bio Henrique Pereira; Lila Foster (becaria PNPD \/ CAPES) &#8211; USP &#8211; Gustavo de Castro e Silva; Victor M\u00e1rcio Laus Reis &#8211; UCB &#8211; Jo\u00e3o Curvello; Regina L\u00facia Alves de Lima &#8211; UFPA &#8211; Elen Cristina Geraldes; Rosana Nantes Pavarino &#8211; UnB &#8211; Pedro Russi; Ver\u00f4nica Meneses Dantas &#8211; UFMT &#8211; T\u00e2nia Montoro).<\/p>\n","protected":false},"excerpt":{"rendered":"<p>Atrav\u00e9s de las solicitudes, en un flujo continuo, la Colegiata de PPG-FAC analizar\u00e1 las solicitudes de admisi\u00f3n y certificaci\u00f3n de Brasil y los investigadores extranjeros en la etapa post-doctoral. Se aceptar\u00e1n investigadores en pr\u00e1cticas con beca otorgada por una agencia financiadora o que perciban una retribuci\u00f3n de la instituci\u00f3n con la que mantienen su empleo. [&hellip;]<\/p>\n","protected":false},"author":2,"featured_media":8,"parent":0,"menu_order":0,"comment_status":"closed","ping_status":"closed","template":"","meta":{"spay_email":"","footnotes":""},"class_list":["post-104","page","type-page","status-publish","has-post-thumbnail","hentry","clearfix","post-index"],"_links":{"self":[{"href":"https:\/\/ppgcom.fac.unb.br\/es\/wp-json\/wp\/v2\/pages\/104","targetHints":{"allow":["GET"]}}],"collection":[{"href":"https:\/\/ppgcom.fac.unb.br\/es\/wp-json\/wp\/v2\/pages"}],"about":[{"href":"https:\/\/ppgcom.fac.unb.br\/es\/wp-json\/wp\/v2\/types\/page"}],"author":[{"embeddable":true,"href":"https:\/\/ppgcom.fac.unb.br\/es\/wp-json\/wp\/v2\/users\/2"}],"replies":[{"embeddable":true,"href":"https:\/\/ppgcom.fac.unb.br\/es\/wp-json\/wp\/v2\/comments?post=104"}],"version-history":[{"count":3,"href":"https:\/\/ppgcom.fac.unb.br\/es\/wp-json\/wp\/v2\/pages\/104\/revisions"}],"predecessor-version":[{"id":131,"href":"https:\/\/ppgcom.fac.unb.br\/es\/wp-json\/wp\/v2\/pages\/104\/revisions\/131"}],"wp:featuredmedia":[{"embeddable":true,"href":"https:\/\/ppgcom.fac.unb.br\/es\/wp-json\/wp\/v2\/media\/8"}],"wp:attachment":[{"href":"https:\/\/ppgcom.fac.unb.br\/es\/wp-json\/wp\/v2\/media?parent=104"}],"curies":[{"name":"wp","href":"https:\/\/api.w.org\/{rel}","templated":true}]}}