{"id":102,"date":"2021-04-07T19:16:07","date_gmt":"2021-04-07T22:16:07","guid":{"rendered":"http:\/\/ppgcom.fac.unb.br\/es\/?page_id=102"},"modified":"2021-04-08T10:03:14","modified_gmt":"2021-04-08T13:03:14","slug":"lista-de-asignaturas-2019-02","status":"publish","type":"page","link":"https:\/\/ppgcom.fac.unb.br\/es\/lista-de-asignaturas-2019-02\/","title":{"rendered":"Lista de asignaturas 2019\/02"},"content":{"rendered":"<ul>\n<li>Teor\u00edas de la Comunicaci\u00f3n Contempor\u00e1nea<\/li>\n<li>Est\u00e9tica y la Comunicaci\u00f3n<\/li>\n<li>Investigaci\u00f3n en Comunicaci\u00f3n y Sociedad<\/li>\n<li>Internet, Pol\u00edtica y Poder<\/li>\n<li>Estudios de Medios<\/li>\n<li>Perspectivas Internacionales en Comunicaci\u00f3n<\/li>\n<li>Temas Especiales en Comunicaci\u00f3n 2 &#8211; Tecnolog\u00eda, subjetividad y algunas genealog\u00edas del Futuro<\/li>\n<li>Temas Especiales en Comunicaci\u00f3n 1 &#8211; Introducci\u00f3n a digital Democracia<\/li>\n<\/ul>\n<p><strong>Disciplinas Tutoriais<\/strong><br \/>\nOrientedense\u00f1anza<\/p>\n","protected":false},"excerpt":{"rendered":"<p>Teor\u00edas de la Comunicaci\u00f3n Contempor\u00e1nea Est\u00e9tica y la Comunicaci\u00f3n Investigaci\u00f3n en Comunicaci\u00f3n y Sociedad Internet, Pol\u00edtica y Poder Estudios de Medios Perspectivas Internacionales en Comunicaci\u00f3n Temas Especiales en Comunicaci\u00f3n 2 &#8211; Tecnolog\u00eda, subjetividad y algunas genealog\u00edas del Futuro Temas Especiales en Comunicaci\u00f3n 1 &#8211; Introducci\u00f3n a digital Democracia Disciplinas Tutoriais Orientedense\u00f1anza<\/p>\n","protected":false},"author":2,"featured_media":11,"parent":0,"menu_order":0,"comment_status":"closed","ping_status":"closed","template":"","meta":{"spay_email":"","footnotes":""},"class_list":["post-102","page","type-page","status-publish","has-post-thumbnail","hentry","clearfix","post-index"],"_links":{"self":[{"href":"https:\/\/ppgcom.fac.unb.br\/es\/wp-json\/wp\/v2\/pages\/102","targetHints":{"allow":["GET"]}}],"collection":[{"href":"https:\/\/ppgcom.fac.unb.br\/es\/wp-json\/wp\/v2\/pages"}],"about":[{"href":"https:\/\/ppgcom.fac.unb.br\/es\/wp-json\/wp\/v2\/types\/page"}],"author":[{"embeddable":true,"href":"https:\/\/ppgcom.fac.unb.br\/es\/wp-json\/wp\/v2\/users\/2"}],"replies":[{"embeddable":true,"href":"https:\/\/ppgcom.fac.unb.br\/es\/wp-json\/wp\/v2\/comments?post=102"}],"version-history":[{"count":3,"href":"https:\/\/ppgcom.fac.unb.br\/es\/wp-json\/wp\/v2\/pages\/102\/revisions"}],"predecessor-version":[{"id":129,"href":"https:\/\/ppgcom.fac.unb.br\/es\/wp-json\/wp\/v2\/pages\/102\/revisions\/129"}],"wp:featuredmedia":[{"embeddable":true,"href":"https:\/\/ppgcom.fac.unb.br\/es\/wp-json\/wp\/v2\/media\/11"}],"wp:attachment":[{"href":"https:\/\/ppgcom.fac.unb.br\/es\/wp-json\/wp\/v2\/media?parent=102"}],"curies":[{"name":"wp","href":"https:\/\/api.w.org\/{rel}","templated":true}]}}