{"id":100,"date":"2021-04-07T19:14:16","date_gmt":"2021-04-07T22:14:16","guid":{"rendered":"http:\/\/ppgcom.fac.unb.br\/es\/?page_id=100"},"modified":"2021-04-07T19:46:26","modified_gmt":"2021-04-07T22:46:26","slug":"inscripciones","status":"publish","type":"page","link":"https:\/\/ppgcom.fac.unb.br\/es\/inscripciones\/","title":{"rendered":"Inscripciones"},"content":{"rendered":"<p style=\"text-align: justify;\">Inscripciones 2018\/01<br \/>\n<span style=\"text-decoration: underline;\">Etapas de Inscripci\u00f3n<\/span><br \/>\n1er Paso: Inscripci\u00f3n por el alumno v\u00eda Web (inicio: 19\/02 &#8211; final: 25\/02 a las 6 pm). El alumno deber\u00e1 matricularse en las asignaturas v\u00eda Web Matr\u00edcula en el sitio web:<a href=\"https:\/\/matriculaweb.unb.br\/\" target=\"_blank\" rel=\"noopener\">https:\/\/matriculaweb.unb.br\/<\/a>.<\/p>\n<p style=\"text-align: justify;\">2\u00aa Etapa: Emisi\u00f3n de matr\u00edculas por asesor. Emisi\u00f3n de matr\u00edculas por las secretar\u00edas de SIPPOS y entrega a los respectivos asesores 26\/02 y 27\/02.<\/p>\n<p style=\"text-align: justify;\">\n3\u00aa Etapa: Verificaci\u00f3n por parte del Asesor. Solicite los ajustes de inscripci\u00f3n por parte de los asesores, si es necesario 3\/2.<\/p>\n<p style=\"text-align: justify;\">\nResultado final del 03\/03 a trav\u00e9s de Registro web en el sitio web:<br \/>\nEl calendario de actividades 2018\/1 se puede acceder en este enlace: <a href=\"https:\/\/matriculaweb.unb.br\/\" target=\"_blank\" rel=\"noopener\">https:\/\/matriculaweb.unb.br\/<\/a>.<\/p>\n","protected":false},"excerpt":{"rendered":"<p>Inscripciones 2018\/01 Etapas de Inscripci\u00f3n 1er Paso: Inscripci\u00f3n por el alumno v\u00eda Web (inicio: 19\/02 &#8211; final: 25\/02 a las 6 pm). El alumno deber\u00e1 matricularse en las asignaturas v\u00eda Web Matr\u00edcula en el sitio web:https:\/\/matriculaweb.unb.br\/. 2\u00aa Etapa: Emisi\u00f3n de matr\u00edculas por asesor. Emisi\u00f3n de matr\u00edculas por las secretar\u00edas de SIPPOS y entrega a los [&hellip;]<\/p>\n","protected":false},"author":2,"featured_media":0,"parent":0,"menu_order":0,"comment_status":"closed","ping_status":"closed","template":"","meta":{"spay_email":"","footnotes":""},"class_list":["post-100","page","type-page","status-publish","hentry","clearfix","post-index"],"_links":{"self":[{"href":"https:\/\/ppgcom.fac.unb.br\/es\/wp-json\/wp\/v2\/pages\/100","targetHints":{"allow":["GET"]}}],"collection":[{"href":"https:\/\/ppgcom.fac.unb.br\/es\/wp-json\/wp\/v2\/pages"}],"about":[{"href":"https:\/\/ppgcom.fac.unb.br\/es\/wp-json\/wp\/v2\/types\/page"}],"author":[{"embeddable":true,"href":"https:\/\/ppgcom.fac.unb.br\/es\/wp-json\/wp\/v2\/users\/2"}],"replies":[{"embeddable":true,"href":"https:\/\/ppgcom.fac.unb.br\/es\/wp-json\/wp\/v2\/comments?post=100"}],"version-history":[{"count":3,"href":"https:\/\/ppgcom.fac.unb.br\/es\/wp-json\/wp\/v2\/pages\/100\/revisions"}],"predecessor-version":[{"id":127,"href":"https:\/\/ppgcom.fac.unb.br\/es\/wp-json\/wp\/v2\/pages\/100\/revisions\/127"}],"wp:attachment":[{"href":"https:\/\/ppgcom.fac.unb.br\/es\/wp-json\/wp\/v2\/media?parent=100"}],"curies":[{"name":"wp","href":"https:\/\/api.w.org\/{rel}","templated":true}]}}